{"id":3347,"date":"2026-01-14T21:40:50","date_gmt":"2026-01-14T21:40:50","guid":{"rendered":"https:\/\/jlvholding.com\/co\/?page_id=3347"},"modified":"2026-02-06T13:52:16","modified_gmt":"2026-02-06T13:52:16","slug":"vacantes-disponibles","status":"publish","type":"page","link":"https:\/\/jlvholding.com\/co\/vacantes-disponibles\/","title":{"rendered":"Vacantes Disponibles"},"content":{"rendered":"\t\t<div data-elementor-type=\"wp-page\" data-elementor-id=\"3347\" class=\"elementor elementor-3347\" data-elementor-post-type=\"page\">\n\t\t\t\t<div class=\"elementor-element elementor-element-fbc2010 e-flex e-con-boxed e-con e-parent\" data-id=\"fbc2010\" data-element_type=\"container\" data-settings=\"{&quot;background_background&quot;:&quot;classic&quot;}\">\n\t\t\t\t\t<div class=\"e-con-inner\">\n\t\t\t\t<div class=\"elementor-element elementor-element-47414a1 elementor-widget elementor-widget-spacer\" data-id=\"47414a1\" data-element_type=\"widget\" data-widget_type=\"spacer.default\">\n\t\t\t\t\t\t\t<div class=\"elementor-spacer\">\n\t\t\t<div class=\"elementor-spacer-inner\"><\/div>\n\t\t<\/div>\n\t\t\t\t\t\t<\/div>\n\t\t\t\t\t<\/div>\n\t\t\t\t<\/div>\n\t\t<div class=\"elementor-element elementor-element-8db31b6 e-grid e-con-boxed e-con e-parent\" data-id=\"8db31b6\" data-element_type=\"container\">\n\t\t\t\t\t<div class=\"e-con-inner\">\n\t\t<div data-premium-element-link=\"{&quot;type&quot;:&quot;url&quot;,&quot;link&quot;:{&quot;url&quot;:&quot;https:\\\/\\\/jlvholding.com\\\/co\\\/vacantes-aem&quot;,&quot;is_external&quot;:&quot;&quot;,&quot;nofollow&quot;:&quot;&quot;,&quot;custom_attributes&quot;:&quot;&quot;},&quot;href&quot;:&quot;https:\\\/\\\/jlvholding.com\\\/co\\\/vacantes-aem&quot;}\" style=\"cursor: pointer\" class=\"elementor-element elementor-element-9abd08c e-con-full animated-slow e-flex elementor-invisible e-con e-child\" data-id=\"9abd08c\" data-element_type=\"container\" data-settings=\"{&quot;animation&quot;:&quot;fadeInUp&quot;}\">\n\t\t\t\t<div class=\"elementor-element elementor-element-707af82 elementor-widget elementor-widget-heading\" data-id=\"707af82\" data-element_type=\"widget\" data-widget_type=\"heading.default\">\n\t\t\t\t\t<h2 class=\"elementor-heading-title elementor-size-default\">AEM Colombia<\/h2>\t\t\t\t<\/div>\n\t\t\t\t<div class=\"elementor-element elementor-element-638b20f elementor-widget elementor-widget-text-editor\" data-id=\"638b20f\" data-element_type=\"widget\" data-widget_type=\"text-editor.default\">\n\t\t\t\t\t\t\t\t\t<p>Expertos en acabados, reformas y mantenimiento con asesor\u00eda personalizada para hogares y oficinas.<\/p>\t\t\t\t\t\t\t\t<\/div>\n\t\t\t\t<div class=\"elementor-element elementor-element-34bfa04 elementor-widget elementor-widget-image\" data-id=\"34bfa04\" data-element_type=\"widget\" data-widget_type=\"image.default\">\n\t\t\t\t\t\t\t\t\t\t\t\t\t\t\t<img fetchpriority=\"high\" decoding=\"async\" width=\"300\" height=\"300\" src=\"https:\/\/jlvholding.com\/co\/wp-content\/uploads\/2020\/04\/logo_aem_colombia.png\" class=\"attachment-large size-large wp-image-503\" alt=\"\" srcset=\"https:\/\/jlvholding.com\/co\/wp-content\/uploads\/2020\/04\/logo_aem_colombia.png 300w, https:\/\/jlvholding.com\/co\/wp-content\/uploads\/2020\/04\/logo_aem_colombia-150x150.png 150w\" sizes=\"(max-width: 300px) 100vw, 300px\" \/>\t\t\t\t\t\t\t\t\t\t\t\t\t\t\t<\/div>\n\t\t\t\t<\/div>\n\t\t<div class=\"elementor-element elementor-element-3e221a2 e-con-full animated-slow e-flex elementor-invisible e-con e-child\" data-id=\"3e221a2\" data-element_type=\"container\" data-settings=\"{&quot;animation&quot;:&quot;fadeInUp&quot;}\">\n\t\t\t\t<div class=\"elementor-element elementor-element-ebee3d6 elementor-widget elementor-widget-heading\" data-id=\"ebee3d6\" data-element_type=\"widget\" data-widget_type=\"heading.default\">\n\t\t\t\t\t<h2 class=\"elementor-heading-title elementor-size-default\">Balance Activo<\/h2>\t\t\t\t<\/div>\n\t\t\t\t<div class=\"elementor-element elementor-element-33ebb7a elementor-widget elementor-widget-text-editor\" data-id=\"33ebb7a\" data-element_type=\"widget\" data-widget_type=\"text-editor.default\">\n\t\t\t\t\t\t\t\t\t<p>Impulsamos tu \u00e9xito financiero con soluciones contables y financieras a la medida, asesor\u00eda experta y atenci\u00f3n personalizada.<\/p>\t\t\t\t\t\t\t\t<\/div>\n\t\t\t\t<div class=\"elementor-element elementor-element-9b2285d elementor-widget elementor-widget-image\" data-id=\"9b2285d\" data-element_type=\"widget\" data-widget_type=\"image.default\">\n\t\t\t\t\t\t\t\t\t\t\t\t\t\t\t<img decoding=\"async\" width=\"300\" height=\"300\" src=\"https:\/\/jlvholding.com\/co\/wp-content\/uploads\/2023\/08\/logo-balance-activo.png\" class=\"attachment-large size-large wp-image-2426\" alt=\"\" srcset=\"https:\/\/jlvholding.com\/co\/wp-content\/uploads\/2023\/08\/logo-balance-activo.png 300w, https:\/\/jlvholding.com\/co\/wp-content\/uploads\/2023\/08\/logo-balance-activo-150x150.png 150w, https:\/\/jlvholding.com\/co\/wp-content\/uploads\/2023\/08\/logo-balance-activo-96x96.png 96w\" sizes=\"(max-width: 300px) 100vw, 300px\" \/>\t\t\t\t\t\t\t\t\t\t\t\t\t\t\t<\/div>\n\t\t\t\t<\/div>\n\t\t<div data-premium-element-link=\"{&quot;type&quot;:&quot;url&quot;,&quot;link&quot;:{&quot;url&quot;:&quot;https:\\\/\\\/jlvholding.com\\\/co\\\/vacantes-jlvhomedesign\\\/&quot;,&quot;is_external&quot;:&quot;&quot;,&quot;nofollow&quot;:&quot;&quot;,&quot;custom_attributes&quot;:&quot;&quot;},&quot;href&quot;:&quot;https:\\\/\\\/jlvholding.com\\\/co\\\/vacantes-jlvhomedesign\\\/&quot;}\" style=\"cursor: pointer\" class=\"elementor-element elementor-element-323725a e-con-full animated-slow e-flex elementor-invisible e-con e-child\" data-id=\"323725a\" data-element_type=\"container\" data-settings=\"{&quot;animation&quot;:&quot;fadeInUp&quot;}\">\n\t\t\t\t<div class=\"elementor-element elementor-element-c1f5f1a elementor-widget elementor-widget-heading\" data-id=\"c1f5f1a\" data-element_type=\"widget\" data-widget_type=\"heading.default\">\n\t\t\t\t\t<h2 class=\"elementor-heading-title elementor-size-default\">JLV Home Design<\/h2>\t\t\t\t<\/div>\n\t\t\t\t<div class=\"elementor-element elementor-element-64358ea elementor-widget elementor-widget-text-editor\" data-id=\"64358ea\" data-element_type=\"widget\" data-widget_type=\"text-editor.default\">\n\t\t\t\t\t\t\t\t\t<p>Constructora l\u00edder en vivienda de inter\u00e9s social, con soluciones arquitect\u00f3nicas, de construcci\u00f3n e inversi\u00f3n y acompa\u00f1amiento integral.<\/p>\t\t\t\t\t\t\t\t<\/div>\n\t\t\t\t<div class=\"elementor-element elementor-element-aea2faa elementor-widget elementor-widget-image\" data-id=\"aea2faa\" data-element_type=\"widget\" data-widget_type=\"image.default\">\n\t\t\t\t\t\t\t\t\t\t\t\t\t\t\t<img decoding=\"async\" width=\"300\" height=\"300\" src=\"https:\/\/jlvholding.com\/co\/wp-content\/uploads\/2020\/04\/logo_home_design.png\" class=\"attachment-large size-large wp-image-501\" alt=\"\" srcset=\"https:\/\/jlvholding.com\/co\/wp-content\/uploads\/2020\/04\/logo_home_design.png 300w, https:\/\/jlvholding.com\/co\/wp-content\/uploads\/2020\/04\/logo_home_design-150x150.png 150w\" sizes=\"(max-width: 300px) 100vw, 300px\" \/>\t\t\t\t\t\t\t\t\t\t\t\t\t\t\t<\/div>\n\t\t\t\t<\/div>\n\t\t\t\t\t<\/div>\n\t\t\t\t<\/div>\n\t\t<div class=\"elementor-element elementor-element-9c0a958 e-flex e-con-boxed e-con e-parent\" data-id=\"9c0a958\" data-element_type=\"container\">\n\t\t\t\t\t<div class=\"e-con-inner\">\n\t\t\t\t<div class=\"elementor-element elementor-element-d20acdf elementor-widget elementor-widget-spacer\" data-id=\"d20acdf\" data-element_type=\"widget\" data-widget_type=\"spacer.default\">\n\t\t\t\t\t\t\t<div class=\"elementor-spacer\">\n\t\t\t<div class=\"elementor-spacer-inner\"><\/div>\n\t\t<\/div>\n\t\t\t\t\t\t<\/div>\n\t\t\t\t\t<\/div>\n\t\t\t\t<\/div>\n\t\t<div class=\"elementor-element elementor-element-8259125 e-grid e-con-boxed e-con e-parent\" data-id=\"8259125\" data-element_type=\"container\">\n\t\t\t\t\t<div class=\"e-con-inner\">\n\t\t<div data-premium-element-link=\"{&quot;type&quot;:&quot;url&quot;,&quot;link&quot;:{&quot;url&quot;:&quot;https:\\\/\\\/jlvholding.com\\\/co\\\/vacantes-jlventerprises\\\/&quot;,&quot;is_external&quot;:&quot;&quot;,&quot;nofollow&quot;:&quot;&quot;,&quot;custom_attributes&quot;:&quot;&quot;},&quot;href&quot;:&quot;https:\\\/\\\/jlvholding.com\\\/co\\\/vacantes-jlventerprises\\\/&quot;}\" style=\"cursor: pointer\" class=\"elementor-element elementor-element-d4353a8 e-con-full animated-slow e-flex elementor-invisible e-con e-child\" data-id=\"d4353a8\" data-element_type=\"container\" data-settings=\"{&quot;animation&quot;:&quot;fadeInUp&quot;}\">\n\t\t\t\t<div class=\"elementor-element elementor-element-1082adc elementor-widget elementor-widget-heading\" data-id=\"1082adc\" data-element_type=\"widget\" data-widget_type=\"heading.default\">\n\t\t\t\t\t<h2 class=\"elementor-heading-title elementor-size-default\">JLV Enterprises<\/h2>\t\t\t\t<\/div>\n\t\t\t\t<div class=\"elementor-element elementor-element-665f554 elementor-widget elementor-widget-text-editor\" data-id=\"665f554\" data-element_type=\"widget\" data-widget_type=\"text-editor.default\">\n\t\t\t\t\t\t\t\t\t<p>Es una firma especializada en respaldar proyectos internacionales de infraestructura y desarrollo con enfoque innovador y resultados precisos.<\/p>\t\t\t\t\t\t\t\t<\/div>\n\t\t\t\t<div class=\"elementor-element elementor-element-073d98e elementor-widget elementor-widget-image\" data-id=\"073d98e\" data-element_type=\"widget\" data-widget_type=\"image.default\">\n\t\t\t\t\t\t\t\t\t\t\t\t\t\t\t<img loading=\"lazy\" decoding=\"async\" width=\"300\" height=\"300\" src=\"https:\/\/jlvholding.com\/co\/wp-content\/uploads\/2020\/07\/Sijlv-enterprises.png\" class=\"attachment-large size-large wp-image-616\" alt=\"\" srcset=\"https:\/\/jlvholding.com\/co\/wp-content\/uploads\/2020\/07\/Sijlv-enterprises.png 300w, https:\/\/jlvholding.com\/co\/wp-content\/uploads\/2020\/07\/Sijlv-enterprises-150x150.png 150w\" sizes=\"(max-width: 300px) 100vw, 300px\" \/>\t\t\t\t\t\t\t\t\t\t\t\t\t\t\t<\/div>\n\t\t\t\t<\/div>\n\t\t<div data-premium-element-link=\"{&quot;type&quot;:&quot;url&quot;,&quot;link&quot;:{&quot;url&quot;:&quot;https:\\\/\\\/jlvholding.com\\\/co\\\/vacantes-skyline\\\/&quot;,&quot;is_external&quot;:&quot;&quot;,&quot;nofollow&quot;:&quot;&quot;,&quot;custom_attributes&quot;:&quot;&quot;},&quot;href&quot;:&quot;https:\\\/\\\/jlvholding.com\\\/co\\\/vacantes-skyline\\\/&quot;}\" style=\"cursor: pointer\" class=\"elementor-element elementor-element-147bf0e e-con-full animated-slow e-flex elementor-invisible e-con e-child\" data-id=\"147bf0e\" data-element_type=\"container\" data-settings=\"{&quot;animation&quot;:&quot;fadeInUp&quot;}\">\n\t\t\t\t<div class=\"elementor-element elementor-element-408662a elementor-widget elementor-widget-heading\" data-id=\"408662a\" data-element_type=\"widget\" data-widget_type=\"heading.default\">\n\t\t\t\t\t<h2 class=\"elementor-heading-title elementor-size-default\">Skyline Distribuidores<\/h2>\t\t\t\t<\/div>\n\t\t\t\t<div class=\"elementor-element elementor-element-7cb7b25 elementor-widget elementor-widget-text-editor\" data-id=\"7cb7b25\" data-element_type=\"widget\" data-widget_type=\"text-editor.default\">\n\t\t\t\t\t\t\t\t\t<p>Empresa especializada en la venta y distribuci\u00f3n de materiales de construcci\u00f3n en Antioquia, con servicio integral, garantizado y precios competitivos para proyectos de vivienda.<\/p>\t\t\t\t\t\t\t\t<\/div>\n\t\t\t\t<div class=\"elementor-element elementor-element-c7448df elementor-widget elementor-widget-image\" data-id=\"c7448df\" data-element_type=\"widget\" data-widget_type=\"image.default\">\n\t\t\t\t\t\t\t\t\t\t\t\t\t\t\t<img loading=\"lazy\" decoding=\"async\" width=\"300\" height=\"300\" src=\"https:\/\/jlvholding.com\/co\/wp-content\/uploads\/2021\/03\/sky_line-1-1.png\" class=\"attachment-large size-large wp-image-771\" alt=\"\" srcset=\"https:\/\/jlvholding.com\/co\/wp-content\/uploads\/2021\/03\/sky_line-1-1.png 300w, https:\/\/jlvholding.com\/co\/wp-content\/uploads\/2021\/03\/sky_line-1-1-150x150.png 150w\" sizes=\"(max-width: 300px) 100vw, 300px\" \/>\t\t\t\t\t\t\t\t\t\t\t\t\t\t\t<\/div>\n\t\t\t\t<\/div>\n\t\t<div data-premium-element-link=\"{&quot;type&quot;:&quot;url&quot;,&quot;link&quot;:{&quot;url&quot;:&quot;https:\\\/\\\/jlvholding.com\\\/co\\\/vacantes-smv-abogados-y-consultores\\\/&quot;,&quot;is_external&quot;:&quot;&quot;,&quot;nofollow&quot;:&quot;&quot;,&quot;custom_attributes&quot;:&quot;&quot;},&quot;href&quot;:&quot;https:\\\/\\\/jlvholding.com\\\/co\\\/vacantes-smv-abogados-y-consultores\\\/&quot;}\" style=\"cursor: pointer\" class=\"elementor-element elementor-element-2ab5a12 e-con-full animated-slow e-flex elementor-invisible e-con e-child\" data-id=\"2ab5a12\" data-element_type=\"container\" data-settings=\"{&quot;animation&quot;:&quot;fadeInUp&quot;}\">\n\t\t\t\t<div class=\"elementor-element elementor-element-0556e7d elementor-widget elementor-widget-heading\" data-id=\"0556e7d\" data-element_type=\"widget\" data-widget_type=\"heading.default\">\n\t\t\t\t\t<h2 class=\"elementor-heading-title elementor-size-default\">SMV Abogados y  Consultores<\/h2>\t\t\t\t<\/div>\n\t\t\t\t<div class=\"elementor-element elementor-element-e94d738 elementor-widget elementor-widget-text-editor\" data-id=\"e94d738\" data-element_type=\"widget\" data-widget_type=\"text-editor.default\">\n\t\t\t\t\t\t\t\t\t<p>Firma de abogados especializada en diversas \u00e1reas del derecho, con asesor\u00eda integral y acompa\u00f1amiento personalizado para personas y empresas.<\/p>\t\t\t\t\t\t\t\t<\/div>\n\t\t\t\t<div class=\"elementor-element elementor-element-2b99898 elementor-widget elementor-widget-image\" data-id=\"2b99898\" data-element_type=\"widget\" data-widget_type=\"image.default\">\n\t\t\t\t\t\t\t\t\t\t\t\t\t\t\t<img loading=\"lazy\" decoding=\"async\" width=\"300\" height=\"300\" src=\"https:\/\/jlvholding.com\/co\/wp-content\/uploads\/2023\/04\/smv-ivestment.png\" class=\"attachment-large size-large wp-image-2180\" alt=\"\" srcset=\"https:\/\/jlvholding.com\/co\/wp-content\/uploads\/2023\/04\/smv-ivestment.png 300w, https:\/\/jlvholding.com\/co\/wp-content\/uploads\/2023\/04\/smv-ivestment-150x150.png 150w, https:\/\/jlvholding.com\/co\/wp-content\/uploads\/2023\/04\/smv-ivestment-96x96.png 96w\" sizes=\"(max-width: 300px) 100vw, 300px\" \/>\t\t\t\t\t\t\t\t\t\t\t\t\t\t\t<\/div>\n\t\t\t\t<\/div>\n\t\t\t\t\t<\/div>\n\t\t\t\t<\/div>\n\t\t<div class=\"elementor-element elementor-element-28f18fe e-flex e-con-boxed e-con e-parent\" data-id=\"28f18fe\" data-element_type=\"container\">\n\t\t\t\t\t<div class=\"e-con-inner\">\n\t\t\t\t<div class=\"elementor-element elementor-element-231fce5 elementor-widget elementor-widget-spacer\" data-id=\"231fce5\" data-element_type=\"widget\" data-widget_type=\"spacer.default\">\n\t\t\t\t\t\t\t<div class=\"elementor-spacer\">\n\t\t\t<div class=\"elementor-spacer-inner\"><\/div>\n\t\t<\/div>\n\t\t\t\t\t\t<\/div>\n\t\t\t\t\t<\/div>\n\t\t\t\t<\/div>\n\t\t\t\t<\/div>\n\t\t","protected":false},"excerpt":{"rendered":"<p>AEM Colombia Expertos en acabados, reformas y mantenimiento con asesor\u00eda personalizada para hogares y oficinas. Balance Activo Impulsamos tu \u00e9xito financiero con soluciones contables y financieras a la medida, asesor\u00eda experta y atenci\u00f3n personalizada. JLV Home Design Constructora l\u00edder en vivienda de inter\u00e9s social, con soluciones arquitect\u00f3nicas, de construcci\u00f3n e inversi\u00f3n y acompa\u00f1amiento integral. JLV [&hellip;]<\/p>\n","protected":false},"author":10,"featured_media":0,"parent":0,"menu_order":0,"comment_status":"closed","ping_status":"closed","template":"","meta":{"_acf_changed":false,"_glsr_average":0,"_glsr_ranking":0,"_glsr_reviews":0,"footnotes":""},"class_list":["post-3347","page","type-page","status-publish","hentry"],"acf":[],"yoast_head":"<!-- This site is optimized with the Yoast SEO plugin v23.4 - https:\/\/yoast.com\/wordpress\/plugins\/seo\/ -->\n<title>Vacantes Disponibles - JLV Holding<\/title>\n<meta name=\"robots\" content=\"index, follow, max-snippet:-1, max-image-preview:large, max-video-preview:-1\" \/>\n<link rel=\"canonical\" href=\"https:\/\/jlvholding.com\/co\/vacantes-disponibles\/\" \/>\n<meta property=\"og:locale\" content=\"es_ES\" \/>\n<meta property=\"og:type\" content=\"article\" \/>\n<meta property=\"og:title\" content=\"Vacantes Disponibles - JLV Holding\" \/>\n<meta property=\"og:description\" content=\"AEM Colombia Expertos en acabados, reformas y mantenimiento con asesor\u00eda personalizada para hogares y oficinas. Balance Activo Impulsamos tu \u00e9xito financiero con soluciones contables y financieras a la medida, asesor\u00eda experta y atenci\u00f3n personalizada. JLV Home Design Constructora l\u00edder en vivienda de inter\u00e9s social, con soluciones arquitect\u00f3nicas, de construcci\u00f3n e inversi\u00f3n y acompa\u00f1amiento integral. JLV [&hellip;]\" \/>\n<meta property=\"og:url\" content=\"https:\/\/jlvholding.com\/co\/vacantes-disponibles\/\" \/>\n<meta property=\"og:site_name\" content=\"JLV Holding\" \/>\n<meta property=\"article:modified_time\" content=\"2026-02-06T13:52:16+00:00\" \/>\n<meta property=\"og:image\" content=\"https:\/\/jlvholding.com\/co\/wp-content\/uploads\/2020\/04\/logo_aem_colombia.png\" \/>\n<meta name=\"twitter:card\" content=\"summary_large_image\" \/>\n<script type=\"application\/ld+json\" class=\"yoast-schema-graph\">{\"@context\":\"https:\/\/schema.org\",\"@graph\":[{\"@type\":\"WebPage\",\"@id\":\"https:\/\/jlvholding.com\/co\/vacantes-disponibles\/\",\"url\":\"https:\/\/jlvholding.com\/co\/vacantes-disponibles\/\",\"name\":\"Vacantes Disponibles - JLV Holding\",\"isPartOf\":{\"@id\":\"https:\/\/jlvholding.com\/#website\"},\"primaryImageOfPage\":{\"@id\":\"https:\/\/jlvholding.com\/co\/vacantes-disponibles\/#primaryimage\"},\"image\":{\"@id\":\"https:\/\/jlvholding.com\/co\/vacantes-disponibles\/#primaryimage\"},\"thumbnailUrl\":\"https:\/\/jlvholding.com\/co\/wp-content\/uploads\/2020\/04\/logo_aem_colombia.png\",\"datePublished\":\"2026-01-14T21:40:50+00:00\",\"dateModified\":\"2026-02-06T13:52:16+00:00\",\"breadcrumb\":{\"@id\":\"https:\/\/jlvholding.com\/co\/vacantes-disponibles\/#breadcrumb\"},\"inLanguage\":\"es-CO\",\"potentialAction\":[{\"@type\":\"ReadAction\",\"target\":[\"https:\/\/jlvholding.com\/co\/vacantes-disponibles\/\"]}]},{\"@type\":\"ImageObject\",\"inLanguage\":\"es-CO\",\"@id\":\"https:\/\/jlvholding.com\/co\/vacantes-disponibles\/#primaryimage\",\"url\":\"https:\/\/jlvholding.com\/co\/wp-content\/uploads\/2020\/04\/logo_aem_colombia.png\",\"contentUrl\":\"https:\/\/jlvholding.com\/co\/wp-content\/uploads\/2020\/04\/logo_aem_colombia.png\",\"width\":300,\"height\":300},{\"@type\":\"BreadcrumbList\",\"@id\":\"https:\/\/jlvholding.com\/co\/vacantes-disponibles\/#breadcrumb\",\"itemListElement\":[{\"@type\":\"ListItem\",\"position\":1,\"name\":\"Inicio\",\"item\":\"https:\/\/jlvholding.com\/co\/\"},{\"@type\":\"ListItem\",\"position\":2,\"name\":\"Vacantes Disponibles\"}]},{\"@type\":\"WebSite\",\"@id\":\"https:\/\/jlvholding.com\/#website\",\"url\":\"https:\/\/jlvholding.com\/\",\"name\":\"JLV Holding\",\"description\":\"EXPERIENCE IN MOTION\",\"potentialAction\":[{\"@type\":\"SearchAction\",\"target\":{\"@type\":\"EntryPoint\",\"urlTemplate\":\"https:\/\/jlvholding.com\/?s={search_term_string}\"},\"query-input\":{\"@type\":\"PropertyValueSpecification\",\"valueRequired\":true,\"valueName\":\"search_term_string\"}}],\"inLanguage\":\"es-CO\"}]}<\/script>\n<!-- \/ Yoast SEO plugin. -->","yoast_head_json":{"title":"Vacantes Disponibles - JLV Holding","robots":{"index":"index","follow":"follow","max-snippet":"max-snippet:-1","max-image-preview":"max-image-preview:large","max-video-preview":"max-video-preview:-1"},"canonical":"https:\/\/jlvholding.com\/co\/vacantes-disponibles\/","og_locale":"es_ES","og_type":"article","og_title":"Vacantes Disponibles - JLV Holding","og_description":"AEM Colombia Expertos en acabados, reformas y mantenimiento con asesor\u00eda personalizada para hogares y oficinas. Balance Activo Impulsamos tu \u00e9xito financiero con soluciones contables y financieras a la medida, asesor\u00eda experta y atenci\u00f3n personalizada. JLV Home Design Constructora l\u00edder en vivienda de inter\u00e9s social, con soluciones arquitect\u00f3nicas, de construcci\u00f3n e inversi\u00f3n y acompa\u00f1amiento integral. JLV [&hellip;]","og_url":"https:\/\/jlvholding.com\/co\/vacantes-disponibles\/","og_site_name":"JLV Holding","article_modified_time":"2026-02-06T13:52:16+00:00","og_image":[{"url":"https:\/\/jlvholding.com\/co\/wp-content\/uploads\/2020\/04\/logo_aem_colombia.png"}],"twitter_card":"summary_large_image","schema":{"@context":"https:\/\/schema.org","@graph":[{"@type":"WebPage","@id":"https:\/\/jlvholding.com\/co\/vacantes-disponibles\/","url":"https:\/\/jlvholding.com\/co\/vacantes-disponibles\/","name":"Vacantes Disponibles - JLV Holding","isPartOf":{"@id":"https:\/\/jlvholding.com\/#website"},"primaryImageOfPage":{"@id":"https:\/\/jlvholding.com\/co\/vacantes-disponibles\/#primaryimage"},"image":{"@id":"https:\/\/jlvholding.com\/co\/vacantes-disponibles\/#primaryimage"},"thumbnailUrl":"https:\/\/jlvholding.com\/co\/wp-content\/uploads\/2020\/04\/logo_aem_colombia.png","datePublished":"2026-01-14T21:40:50+00:00","dateModified":"2026-02-06T13:52:16+00:00","breadcrumb":{"@id":"https:\/\/jlvholding.com\/co\/vacantes-disponibles\/#breadcrumb"},"inLanguage":"es-CO","potentialAction":[{"@type":"ReadAction","target":["https:\/\/jlvholding.com\/co\/vacantes-disponibles\/"]}]},{"@type":"ImageObject","inLanguage":"es-CO","@id":"https:\/\/jlvholding.com\/co\/vacantes-disponibles\/#primaryimage","url":"https:\/\/jlvholding.com\/co\/wp-content\/uploads\/2020\/04\/logo_aem_colombia.png","contentUrl":"https:\/\/jlvholding.com\/co\/wp-content\/uploads\/2020\/04\/logo_aem_colombia.png","width":300,"height":300},{"@type":"BreadcrumbList","@id":"https:\/\/jlvholding.com\/co\/vacantes-disponibles\/#breadcrumb","itemListElement":[{"@type":"ListItem","position":1,"name":"Inicio","item":"https:\/\/jlvholding.com\/co\/"},{"@type":"ListItem","position":2,"name":"Vacantes Disponibles"}]},{"@type":"WebSite","@id":"https:\/\/jlvholding.com\/#website","url":"https:\/\/jlvholding.com\/","name":"JLV Holding","description":"EXPERIENCE IN MOTION","potentialAction":[{"@type":"SearchAction","target":{"@type":"EntryPoint","urlTemplate":"https:\/\/jlvholding.com\/?s={search_term_string}"},"query-input":{"@type":"PropertyValueSpecification","valueRequired":true,"valueName":"search_term_string"}}],"inLanguage":"es-CO"}]}},"_links":{"self":[{"href":"https:\/\/jlvholding.com\/co\/wp-json\/wp\/v2\/pages\/3347","targetHints":{"allow":["GET"]}}],"collection":[{"href":"https:\/\/jlvholding.com\/co\/wp-json\/wp\/v2\/pages"}],"about":[{"href":"https:\/\/jlvholding.com\/co\/wp-json\/wp\/v2\/types\/page"}],"author":[{"embeddable":true,"href":"https:\/\/jlvholding.com\/co\/wp-json\/wp\/v2\/users\/10"}],"replies":[{"embeddable":true,"href":"https:\/\/jlvholding.com\/co\/wp-json\/wp\/v2\/comments?post=3347"}],"version-history":[{"count":125,"href":"https:\/\/jlvholding.com\/co\/wp-json\/wp\/v2\/pages\/3347\/revisions"}],"predecessor-version":[{"id":3844,"href":"https:\/\/jlvholding.com\/co\/wp-json\/wp\/v2\/pages\/3347\/revisions\/3844"}],"wp:attachment":[{"href":"https:\/\/jlvholding.com\/co\/wp-json\/wp\/v2\/media?parent=3347"}],"curies":[{"name":"wp","href":"https:\/\/api.w.org\/{rel}","templated":true}]}}