{"id":3377,"date":"2026-01-15T16:59:19","date_gmt":"2026-01-15T16:59:19","guid":{"rendered":"https:\/\/jlvholding.com\/co\/?page_id=3377"},"modified":"2026-02-06T14:12:56","modified_gmt":"2026-02-06T14:12:56","slug":"vacantes-smv-abogados-y-consultores","status":"publish","type":"page","link":"https:\/\/jlvholding.com\/co\/vacantes-smv-abogados-y-consultores\/","title":{"rendered":"Vacantes SMV Abogados y Consultores"},"content":{"rendered":"\t\t<div data-elementor-type=\"wp-page\" data-elementor-id=\"3377\" class=\"elementor elementor-3377\" data-elementor-post-type=\"page\">\n\t\t\t\t\t\t<section class=\"elementor-section elementor-top-section elementor-element elementor-element-691c5a6 elementor-section-boxed elementor-section-height-default elementor-section-height-default\" data-id=\"691c5a6\" data-element_type=\"section\">\n\t\t\t\t\t\t<div class=\"elementor-container elementor-column-gap-default\">\n\t\t\t\t\t<div class=\"elementor-column elementor-col-50 elementor-top-column elementor-element elementor-element-c7814e3\" data-id=\"c7814e3\" data-element_type=\"column\">\n\t\t\t<div class=\"elementor-widget-wrap elementor-element-populated\">\n\t\t\t\t\t\t<section class=\"elementor-section elementor-inner-section elementor-element elementor-element-69a58b8 elementor-section-boxed elementor-section-height-default elementor-section-height-default\" data-id=\"69a58b8\" data-element_type=\"section\">\n\t\t\t\t\t\t<div class=\"elementor-container elementor-column-gap-default\">\n\t\t\t\t\t<div class=\"elementor-column elementor-col-100 elementor-inner-column elementor-element elementor-element-85548a5\" data-id=\"85548a5\" data-element_type=\"column\">\n\t\t\t<div class=\"elementor-widget-wrap elementor-element-populated\">\n\t\t\t\t\t\t<div class=\"elementor-element elementor-element-87d796d elementor-widget elementor-widget-heading\" data-id=\"87d796d\" data-element_type=\"widget\" data-widget_type=\"heading.default\">\n\t\t\t\t\t<h6 class=\"elementor-heading-title elementor-size-default\">Ejecutivo<\/h6>\t\t\t\t<\/div>\n\t\t\t\t<div class=\"elementor-element elementor-element-5fa42eb elementor-widget elementor-widget-heading\" data-id=\"5fa42eb\" data-element_type=\"widget\" data-widget_type=\"heading.default\">\n\t\t\t\t\t<h3 class=\"elementor-heading-title elementor-size-default\">Abogado\/a Especialista en Derecho Laboral y Litigios<\/h3>\t\t\t\t<\/div>\n\t\t\t\t<div class=\"elementor-element elementor-element-5413931 elementor-widget elementor-widget-text-editor\" data-id=\"5413931\" data-element_type=\"widget\" data-widget_type=\"text-editor.default\">\n\t\t\t\t\t\t\t\t\t<p>Excelencia jur\u00eddica, pensamiento anal\u00edtico, negociaci\u00f3n y conciliaci\u00f3n, redacci\u00f3n legal avanzada, planificaci\u00f3n y organizaci\u00f3n, orientaci\u00f3n al cumplimiento normativo y al cliente interno y externo.<\/p>\t\t\t\t\t\t\t\t<\/div>\n\t\t\t\t<div class=\"elementor-element elementor-element-86fba51 elementor-widget elementor-widget-text-editor\" data-id=\"86fba51\" data-element_type=\"widget\" data-widget_type=\"text-editor.default\">\n\t\t\t\t\t\t\t\t\t<p>Sabaneta, Antioquia<\/p>\t\t\t\t\t\t\t\t<\/div>\n\t\t\t\t<div class=\"elementor-element elementor-element-c79ce42 elementor-align-right elementor-widget elementor-widget-button\" data-id=\"c79ce42\" data-element_type=\"widget\" data-widget_type=\"button.default\">\n\t\t\t\t\t\t\t\t\t\t<a class=\"elementor-button elementor-button-link elementor-size-sm\" href=\"https:\/\/jlvholding.com\/co\/abogado-especialista-en-derecho-laboral-y-litigios\/\">\n\t\t\t\t\t\t<span class=\"elementor-button-content-wrapper\">\n\t\t\t\t\t\t\t\t\t<span class=\"elementor-button-text\">M\u00e1s informaci\u00f3n<\/span>\n\t\t\t\t\t<\/span>\n\t\t\t\t\t<\/a>\n\t\t\t\t\t\t\t\t<\/div>\n\t\t\t\t\t<\/div>\n\t\t<\/div>\n\t\t\t\t\t<\/div>\n\t\t<\/section>\n\t\t\t\t\t<\/div>\n\t\t<\/div>\n\t\t\t\t<div class=\"elementor-column elementor-col-50 elementor-top-column elementor-element elementor-element-3f4e650\" data-id=\"3f4e650\" data-element_type=\"column\">\n\t\t\t<div class=\"elementor-widget-wrap elementor-element-populated\">\n\t\t\t\t\t\t<section class=\"elementor-section elementor-inner-section elementor-element elementor-element-e712945 elementor-section-boxed elementor-section-height-default elementor-section-height-default\" data-id=\"e712945\" data-element_type=\"section\">\n\t\t\t\t\t\t<div class=\"elementor-container elementor-column-gap-default\">\n\t\t\t\t\t<div class=\"elementor-column elementor-col-100 elementor-inner-column elementor-element elementor-element-bb46cec\" data-id=\"bb46cec\" data-element_type=\"column\">\n\t\t\t<div class=\"elementor-widget-wrap elementor-element-populated\">\n\t\t\t\t\t\t<div class=\"elementor-element elementor-element-d31f7b1 elementor-widget elementor-widget-heading\" data-id=\"d31f7b1\" data-element_type=\"widget\" data-widget_type=\"heading.default\">\n\t\t\t\t\t<h6 class=\"elementor-heading-title elementor-size-default\">Ejecutivo<\/h6>\t\t\t\t<\/div>\n\t\t\t\t<div class=\"elementor-element elementor-element-2b3e828 elementor-widget elementor-widget-heading\" data-id=\"2b3e828\" data-element_type=\"widget\" data-widget_type=\"heading.default\">\n\t\t\t\t\t<h3 class=\"elementor-heading-title elementor-size-default\">Abogado\/a \u2013 Contrataci\u00f3n Estatal y Licitaciones<\/h3>\t\t\t\t<\/div>\n\t\t\t\t<div class=\"elementor-element elementor-element-3b1bb98 elementor-widget elementor-widget-text-editor\" data-id=\"3b1bb98\" data-element_type=\"widget\" data-widget_type=\"text-editor.default\">\n\t\t\t\t\t\t\t\t\t<p>Acompa\u00f1amiento jur\u00eddico integral en contrataci\u00f3n estatal y privada, gesti\u00f3n de licitaciones y SECOP, an\u00e1lisis de riesgos legales, representaci\u00f3n judicial y extrajudicial y soporte legal en la ejecuci\u00f3n y liquidaci\u00f3n de contratos del sector construcci\u00f3n.<\/p>\t\t\t\t\t\t\t\t<\/div>\n\t\t\t\t<div class=\"elementor-element elementor-element-3bb67c5 elementor-widget elementor-widget-text-editor\" data-id=\"3bb67c5\" data-element_type=\"widget\" data-widget_type=\"text-editor.default\">\n\t\t\t\t\t\t\t\t\t<p>Sabaneta, Antioquia<\/p>\t\t\t\t\t\t\t\t<\/div>\n\t\t\t\t<div class=\"elementor-element elementor-element-8d379b1 elementor-align-right elementor-widget elementor-widget-button\" data-id=\"8d379b1\" data-element_type=\"widget\" data-widget_type=\"button.default\">\n\t\t\t\t\t\t\t\t\t\t<a class=\"elementor-button elementor-button-link elementor-size-sm\" href=\"https:\/\/jlvholding.com\/co\/abogada-contratacion-estatal-y-licitaciones\/\">\n\t\t\t\t\t\t<span class=\"elementor-button-content-wrapper\">\n\t\t\t\t\t\t\t\t\t<span class=\"elementor-button-text\">M\u00e1s informaci\u00f3n<\/span>\n\t\t\t\t\t<\/span>\n\t\t\t\t\t<\/a>\n\t\t\t\t\t\t\t\t<\/div>\n\t\t\t\t\t<\/div>\n\t\t<\/div>\n\t\t\t\t\t<\/div>\n\t\t<\/section>\n\t\t\t\t\t<\/div>\n\t\t<\/div>\n\t\t\t\t\t<\/div>\n\t\t<\/section>\n\t\t\t\t<\/div>\n\t\t","protected":false},"excerpt":{"rendered":"<p>Ejecutivo Abogado\/a Especialista en Derecho Laboral y Litigios Excelencia jur\u00eddica, pensamiento anal\u00edtico, negociaci\u00f3n y conciliaci\u00f3n, redacci\u00f3n legal avanzada, planificaci\u00f3n y organizaci\u00f3n, orientaci\u00f3n al cumplimiento normativo y al cliente interno y externo. Sabaneta, Antioquia M\u00e1s informaci\u00f3n Ejecutivo Abogado\/a \u2013 Contrataci\u00f3n Estatal y Licitaciones Acompa\u00f1amiento jur\u00eddico integral en contrataci\u00f3n estatal y privada, gesti\u00f3n de licitaciones y SECOP, [&hellip;]<\/p>\n","protected":false},"author":10,"featured_media":0,"parent":0,"menu_order":0,"comment_status":"closed","ping_status":"closed","template":"","meta":{"_acf_changed":false,"_glsr_average":0,"_glsr_ranking":0,"_glsr_reviews":0,"footnotes":""},"class_list":["post-3377","page","type-page","status-publish","hentry"],"acf":[],"yoast_head":"<!-- This site is optimized with the Yoast SEO plugin v23.4 - https:\/\/yoast.com\/wordpress\/plugins\/seo\/ -->\n<title>Vacantes SMV Abogados y Consultores - JLV Holding<\/title>\n<meta name=\"robots\" content=\"index, follow, max-snippet:-1, max-image-preview:large, max-video-preview:-1\" \/>\n<link rel=\"canonical\" href=\"https:\/\/jlvholding.com\/co\/vacantes-smv-abogados-y-consultores\/\" \/>\n<meta property=\"og:locale\" content=\"es_ES\" \/>\n<meta property=\"og:type\" content=\"article\" \/>\n<meta property=\"og:title\" content=\"Vacantes SMV Abogados y Consultores - JLV Holding\" \/>\n<meta property=\"og:description\" content=\"Ejecutivo Abogado\/a Especialista en Derecho Laboral y Litigios Excelencia jur\u00eddica, pensamiento anal\u00edtico, negociaci\u00f3n y conciliaci\u00f3n, redacci\u00f3n legal avanzada, planificaci\u00f3n y organizaci\u00f3n, orientaci\u00f3n al cumplimiento normativo y al cliente interno y externo. Sabaneta, Antioquia M\u00e1s informaci\u00f3n Ejecutivo Abogado\/a \u2013 Contrataci\u00f3n Estatal y Licitaciones Acompa\u00f1amiento jur\u00eddico integral en contrataci\u00f3n estatal y privada, gesti\u00f3n de licitaciones y SECOP, [&hellip;]\" \/>\n<meta property=\"og:url\" content=\"https:\/\/jlvholding.com\/co\/vacantes-smv-abogados-y-consultores\/\" \/>\n<meta property=\"og:site_name\" content=\"JLV Holding\" \/>\n<meta property=\"article:modified_time\" content=\"2026-02-06T14:12:56+00:00\" \/>\n<meta name=\"twitter:card\" content=\"summary_large_image\" \/>\n<script type=\"application\/ld+json\" class=\"yoast-schema-graph\">{\"@context\":\"https:\/\/schema.org\",\"@graph\":[{\"@type\":\"WebPage\",\"@id\":\"https:\/\/jlvholding.com\/co\/vacantes-smv-abogados-y-consultores\/\",\"url\":\"https:\/\/jlvholding.com\/co\/vacantes-smv-abogados-y-consultores\/\",\"name\":\"Vacantes SMV Abogados y Consultores - JLV Holding\",\"isPartOf\":{\"@id\":\"https:\/\/jlvholding.com\/#website\"},\"datePublished\":\"2026-01-15T16:59:19+00:00\",\"dateModified\":\"2026-02-06T14:12:56+00:00\",\"breadcrumb\":{\"@id\":\"https:\/\/jlvholding.com\/co\/vacantes-smv-abogados-y-consultores\/#breadcrumb\"},\"inLanguage\":\"es-CO\",\"potentialAction\":[{\"@type\":\"ReadAction\",\"target\":[\"https:\/\/jlvholding.com\/co\/vacantes-smv-abogados-y-consultores\/\"]}]},{\"@type\":\"BreadcrumbList\",\"@id\":\"https:\/\/jlvholding.com\/co\/vacantes-smv-abogados-y-consultores\/#breadcrumb\",\"itemListElement\":[{\"@type\":\"ListItem\",\"position\":1,\"name\":\"Inicio\",\"item\":\"https:\/\/jlvholding.com\/co\/\"},{\"@type\":\"ListItem\",\"position\":2,\"name\":\"Vacantes SMV Abogados y Consultores\"}]},{\"@type\":\"WebSite\",\"@id\":\"https:\/\/jlvholding.com\/#website\",\"url\":\"https:\/\/jlvholding.com\/\",\"name\":\"JLV Holding\",\"description\":\"EXPERIENCE IN MOTION\",\"potentialAction\":[{\"@type\":\"SearchAction\",\"target\":{\"@type\":\"EntryPoint\",\"urlTemplate\":\"https:\/\/jlvholding.com\/?s={search_term_string}\"},\"query-input\":{\"@type\":\"PropertyValueSpecification\",\"valueRequired\":true,\"valueName\":\"search_term_string\"}}],\"inLanguage\":\"es-CO\"}]}<\/script>\n<!-- \/ Yoast SEO plugin. -->","yoast_head_json":{"title":"Vacantes SMV Abogados y Consultores - JLV Holding","robots":{"index":"index","follow":"follow","max-snippet":"max-snippet:-1","max-image-preview":"max-image-preview:large","max-video-preview":"max-video-preview:-1"},"canonical":"https:\/\/jlvholding.com\/co\/vacantes-smv-abogados-y-consultores\/","og_locale":"es_ES","og_type":"article","og_title":"Vacantes SMV Abogados y Consultores - JLV Holding","og_description":"Ejecutivo Abogado\/a Especialista en Derecho Laboral y Litigios Excelencia jur\u00eddica, pensamiento anal\u00edtico, negociaci\u00f3n y conciliaci\u00f3n, redacci\u00f3n legal avanzada, planificaci\u00f3n y organizaci\u00f3n, orientaci\u00f3n al cumplimiento normativo y al cliente interno y externo. Sabaneta, Antioquia M\u00e1s informaci\u00f3n Ejecutivo Abogado\/a \u2013 Contrataci\u00f3n Estatal y Licitaciones Acompa\u00f1amiento jur\u00eddico integral en contrataci\u00f3n estatal y privada, gesti\u00f3n de licitaciones y SECOP, [&hellip;]","og_url":"https:\/\/jlvholding.com\/co\/vacantes-smv-abogados-y-consultores\/","og_site_name":"JLV Holding","article_modified_time":"2026-02-06T14:12:56+00:00","twitter_card":"summary_large_image","schema":{"@context":"https:\/\/schema.org","@graph":[{"@type":"WebPage","@id":"https:\/\/jlvholding.com\/co\/vacantes-smv-abogados-y-consultores\/","url":"https:\/\/jlvholding.com\/co\/vacantes-smv-abogados-y-consultores\/","name":"Vacantes SMV Abogados y Consultores - JLV Holding","isPartOf":{"@id":"https:\/\/jlvholding.com\/#website"},"datePublished":"2026-01-15T16:59:19+00:00","dateModified":"2026-02-06T14:12:56+00:00","breadcrumb":{"@id":"https:\/\/jlvholding.com\/co\/vacantes-smv-abogados-y-consultores\/#breadcrumb"},"inLanguage":"es-CO","potentialAction":[{"@type":"ReadAction","target":["https:\/\/jlvholding.com\/co\/vacantes-smv-abogados-y-consultores\/"]}]},{"@type":"BreadcrumbList","@id":"https:\/\/jlvholding.com\/co\/vacantes-smv-abogados-y-consultores\/#breadcrumb","itemListElement":[{"@type":"ListItem","position":1,"name":"Inicio","item":"https:\/\/jlvholding.com\/co\/"},{"@type":"ListItem","position":2,"name":"Vacantes SMV Abogados y Consultores"}]},{"@type":"WebSite","@id":"https:\/\/jlvholding.com\/#website","url":"https:\/\/jlvholding.com\/","name":"JLV Holding","description":"EXPERIENCE IN MOTION","potentialAction":[{"@type":"SearchAction","target":{"@type":"EntryPoint","urlTemplate":"https:\/\/jlvholding.com\/?s={search_term_string}"},"query-input":{"@type":"PropertyValueSpecification","valueRequired":true,"valueName":"search_term_string"}}],"inLanguage":"es-CO"}]}},"_links":{"self":[{"href":"https:\/\/jlvholding.com\/co\/wp-json\/wp\/v2\/pages\/3377","targetHints":{"allow":["GET"]}}],"collection":[{"href":"https:\/\/jlvholding.com\/co\/wp-json\/wp\/v2\/pages"}],"about":[{"href":"https:\/\/jlvholding.com\/co\/wp-json\/wp\/v2\/types\/page"}],"author":[{"embeddable":true,"href":"https:\/\/jlvholding.com\/co\/wp-json\/wp\/v2\/users\/10"}],"replies":[{"embeddable":true,"href":"https:\/\/jlvholding.com\/co\/wp-json\/wp\/v2\/comments?post=3377"}],"version-history":[{"count":16,"href":"https:\/\/jlvholding.com\/co\/wp-json\/wp\/v2\/pages\/3377\/revisions"}],"predecessor-version":[{"id":3874,"href":"https:\/\/jlvholding.com\/co\/wp-json\/wp\/v2\/pages\/3377\/revisions\/3874"}],"wp:attachment":[{"href":"https:\/\/jlvholding.com\/co\/wp-json\/wp\/v2\/media?parent=3377"}],"curies":[{"name":"wp","href":"https:\/\/api.w.org\/{rel}","templated":true}]}}