{"id":3501,"date":"2026-01-21T13:51:30","date_gmt":"2026-01-21T13:51:30","guid":{"rendered":"https:\/\/jlvholding.com\/co\/?page_id=3501"},"modified":"2026-01-21T16:47:47","modified_gmt":"2026-01-21T16:47:47","slug":"asesora-ventas","status":"publish","type":"page","link":"https:\/\/jlvholding.com\/co\/asesora-ventas\/","title":{"rendered":"Asesora de Ventas \u2013 Vivienda VIS y VIP"},"content":{"rendered":"\t\t<div data-elementor-type=\"wp-page\" data-elementor-id=\"3501\" class=\"elementor elementor-3501\" data-elementor-post-type=\"page\">\n\t\t\t\t\t\t<section class=\"elementor-section elementor-top-section elementor-element elementor-element-291a0d9 elementor-section-boxed elementor-section-height-default elementor-section-height-default\" data-id=\"291a0d9\" data-element_type=\"section\">\n\t\t\t\t\t\t<div class=\"elementor-container elementor-column-gap-default\">\n\t\t\t\t\t<div class=\"elementor-column elementor-col-50 elementor-top-column elementor-element elementor-element-9b6421f\" data-id=\"9b6421f\" data-element_type=\"column\">\n\t\t\t<div class=\"elementor-widget-wrap elementor-element-populated\">\n\t\t\t\t\t\t<div class=\"elementor-element elementor-element-1cfc835 elementor-widget elementor-widget-text-editor\" data-id=\"1cfc835\" data-element_type=\"widget\" data-widget_type=\"text-editor.default\">\n\t\t\t\t\t\t\t\t\t<h2><strong data-start=\"209\" data-end=\"230\">Perfil del Cargo:<\/strong><\/h2>\n<p>Buscamos una Asesora de Ventas con experiencia en proyectos de vivienda VIS y VIP, orientada al acompa\u00f1amiento integral del cliente durante todo el proceso de compra. La candidata ideal se caracteriza por brindar una asesor\u00eda clara, confiable y personalizada, con enfoque en el cumplimiento de los objetivos comerciales y la satisfacci\u00f3n del cliente.<\/p>\n<h3><strong data-start=\"585\" data-end=\"611\">Funciones Principales:<\/strong><\/h3>\n<ul data-start=\"614\" data-end=\"1169\">\n<li data-start=\"614\" data-end=\"703\">\n<p data-start=\"616\" data-end=\"703\">Atender y asesorar de manera directa a clientes interesados en proyectos de vivienda.<\/p>\n<\/li>\n<li data-start=\"704\" data-end=\"803\">\n<p data-start=\"706\" data-end=\"803\">Presentar proyectos inmobiliarios, precios y condiciones comerciales de forma clara y efectiva.<\/p>\n<\/li>\n<li data-start=\"804\" data-end=\"890\">\n<p data-start=\"806\" data-end=\"890\">Acompa\u00f1ar al cliente durante todo el proceso de venta hasta el cierre del negocio.<\/p>\n<\/li>\n<li data-start=\"891\" data-end=\"987\">\n<p data-start=\"893\" data-end=\"987\">Brindar orientaci\u00f3n b\u00e1sica sobre cr\u00e9ditos hipotecarios, subsidios y documentaci\u00f3n requerida.<\/p>\n<\/li>\n<li data-start=\"988\" data-end=\"1098\">\n<p data-start=\"990\" data-end=\"1098\">Realizar seguimiento a clientes potenciales y actuales para asegurar el cumplimiento de metas comerciales.<\/p>\n<\/li>\n<li data-start=\"1099\" data-end=\"1169\">\n<p data-start=\"1101\" data-end=\"1169\">Mantener actualizada la informaci\u00f3n de clientes y procesos de venta.<\/p>\n<\/li>\n<\/ul>\n<h3><strong data-start=\"1171\" data-end=\"1186\">Requisitos:<\/strong><\/h3>\n<ul data-start=\"1189\" data-end=\"1550\">\n<li data-start=\"1189\" data-end=\"1279\">\n<p data-start=\"1191\" data-end=\"1279\">Experiencia comprobada m\u00ednima de un a\u00f1o en ventas inmobiliarias, especialmente en vivienda VIS y\/o VIP.<\/p>\n<\/li>\n<li data-start=\"1280\" data-end=\"1343\">\n<p data-start=\"1282\" data-end=\"1343\">Habilidad para el cierre de ventas y seguimiento comercial.<\/p>\n<\/li>\n<li data-start=\"1344\" data-end=\"1415\">\n<p data-start=\"1346\" data-end=\"1415\">Excelente comunicaci\u00f3n verbal y habilidades de servicio al cliente.<\/p>\n<\/li>\n<li data-start=\"1416\" data-end=\"1478\">\n<p data-start=\"1418\" data-end=\"1478\">Organizaci\u00f3n y manejo de procesos administrativos b\u00e1sicos.<\/p>\n<\/li>\n<li data-start=\"1479\" data-end=\"1550\">\n<p data-start=\"1481\" data-end=\"1550\">Enfoque en resultados, cumplimiento de metas y orientaci\u00f3n comercial.<\/p>\n<\/li>\n<\/ul>\n<h5><strong data-start=\"1552\" data-end=\"1572\">Tipo de trabajo:<\/strong> Presencial.<\/h5>\t\t\t\t\t\t\t\t<\/div>\n\t\t\t\t\t<\/div>\n\t\t<\/div>\n\t\t\t\t<div class=\"elementor-column elementor-col-50 elementor-top-column elementor-element elementor-element-a7b59e4\" data-id=\"a7b59e4\" data-element_type=\"column\">\n\t\t\t<div class=\"elementor-widget-wrap elementor-element-populated\">\n\t\t\t\t\t\t<div class=\"elementor-element elementor-element-93961e5 elementor-widget elementor-widget-heading\" data-id=\"93961e5\" data-element_type=\"widget\" data-widget_type=\"heading.default\">\n\t\t\t\t\t<h5 class=\"elementor-heading-title elementor-size-default\">Ejecutivo<\/h5>\t\t\t\t<\/div>\n\t\t\t\t<div class=\"elementor-element elementor-element-ac9a313 elementor-widget elementor-widget-heading\" data-id=\"ac9a313\" data-element_type=\"widget\" data-widget_type=\"heading.default\">\n\t\t\t\t\t<h3 class=\"elementor-heading-title elementor-size-default\">Asesora de Ventas \u2013 Vivienda VIS y VIP<\/h3>\t\t\t\t<\/div>\n\t\t\t\t<div class=\"elementor-element elementor-element-1e8b304 elementor-widget elementor-widget-text-editor\" data-id=\"1e8b304\" data-element_type=\"widget\" data-widget_type=\"text-editor.default\">\n\t\t\t\t\t\t\t\t\t<p>Sabaneta, Antioquia<\/p>\t\t\t\t\t\t\t\t<\/div>\n\t\t\t\t<div class=\"elementor-element elementor-element-eb4d8ab elementor-align-justify elementor-widget elementor-widget-button\" data-id=\"eb4d8ab\" data-element_type=\"widget\" data-widget_type=\"button.default\">\n\t\t\t\t\t\t\t\t\t\t<a class=\"elementor-button elementor-button-link elementor-size-sm\" href=\"https:\/\/jlvholding.com\/co\/aplicar-jlvhomedesign-asesora-ventas\">\n\t\t\t\t\t\t<span class=\"elementor-button-content-wrapper\">\n\t\t\t\t\t\t\t\t\t<span class=\"elementor-button-text\">Aplicar ahora<\/span>\n\t\t\t\t\t<\/span>\n\t\t\t\t\t<\/a>\n\t\t\t\t\t\t\t\t<\/div>\n\t\t\t\t<div class=\"elementor-element elementor-element-6aeee93 elementor-widget elementor-widget-spacer\" data-id=\"6aeee93\" data-element_type=\"widget\" data-widget_type=\"spacer.default\">\n\t\t\t\t\t\t\t<div class=\"elementor-spacer\">\n\t\t\t<div class=\"elementor-spacer-inner\"><\/div>\n\t\t<\/div>\n\t\t\t\t\t\t<\/div>\n\t\t\t\t<div class=\"elementor-element elementor-element-a515544 elementor-widget elementor-widget-heading\" data-id=\"a515544\" data-element_type=\"widget\" data-widget_type=\"heading.default\">\n\t\t\t\t\t<h4 class=\"elementor-heading-title elementor-size-default\">Horario<\/h4>\t\t\t\t<\/div>\n\t\t\t\t<div class=\"elementor-element elementor-element-a44d86d elementor-widget elementor-widget-text-editor\" data-id=\"a44d86d\" data-element_type=\"widget\" data-widget_type=\"text-editor.default\">\n\t\t\t\t\t\t\t\t\t<p>Lunes a Viernes de 8 am a 5 pm<\/p>\t\t\t\t\t\t\t\t<\/div>\n\t\t\t\t<div class=\"elementor-element elementor-element-b3ffcf6 elementor-widget elementor-widget-heading\" data-id=\"b3ffcf6\" data-element_type=\"widget\" data-widget_type=\"heading.default\">\n\t\t\t\t\t<h4 class=\"elementor-heading-title elementor-size-default\">Tipo de contrato<\/h4>\t\t\t\t<\/div>\n\t\t\t\t<div class=\"elementor-element elementor-element-b8f4eb5 elementor-widget elementor-widget-text-editor\" data-id=\"b8f4eb5\" data-element_type=\"widget\" data-widget_type=\"text-editor.default\">\n\t\t\t\t\t\t\t\t\t<p>Se informa al momento de la entrevista<\/p>\t\t\t\t\t\t\t\t<\/div>\n\t\t\t\t<div class=\"elementor-element elementor-element-48a56c8 elementor-widget elementor-widget-heading\" data-id=\"48a56c8\" data-element_type=\"widget\" data-widget_type=\"heading.default\">\n\t\t\t\t\t<h4 class=\"elementor-heading-title elementor-size-default\">Extras<\/h4>\t\t\t\t<\/div>\n\t\t\t\t<div class=\"elementor-element elementor-element-ae6a4eb elementor-widget elementor-widget-text-editor\" data-id=\"ae6a4eb\" data-element_type=\"widget\" data-widget_type=\"text-editor.default\">\n\t\t\t\t\t\t\t\t\t<ul><li>Accesos a cursos en Platzi.<\/li><li>Descuentos de empleados en el Centro Comercial Mayorca.<\/li><li>Posibilidad de s\u00e1bados libres.<\/li><li>Posibilidades de crecimiento laboral.<\/li><li>Excelente ambiente laboral.<\/li><li>Participaci\u00f3n en eventos especiales.<\/li><\/ul>\t\t\t\t\t\t\t\t<\/div>\n\t\t\t\t\t<\/div>\n\t\t<\/div>\n\t\t\t\t\t<\/div>\n\t\t<\/section>\n\t\t\t\t<\/div>\n\t\t","protected":false},"excerpt":{"rendered":"<p>Perfil del Cargo: Buscamos una Asesora de Ventas con experiencia en proyectos de vivienda VIS y VIP, orientada al acompa\u00f1amiento integral del cliente durante todo el proceso de compra. La candidata ideal se caracteriza por brindar una asesor\u00eda clara, confiable y personalizada, con enfoque en el cumplimiento de los objetivos comerciales y la satisfacci\u00f3n del [&hellip;]<\/p>\n","protected":false},"author":10,"featured_media":0,"parent":0,"menu_order":0,"comment_status":"closed","ping_status":"closed","template":"","meta":{"_acf_changed":false,"_glsr_average":0,"_glsr_ranking":0,"_glsr_reviews":0,"footnotes":""},"class_list":["post-3501","page","type-page","status-publish","hentry"],"acf":[],"yoast_head":"<!-- This site is optimized with the Yoast SEO plugin v23.4 - https:\/\/yoast.com\/wordpress\/plugins\/seo\/ -->\n<title>Asesora de Ventas \u2013 Vivienda VIS y VIP - JLV Holding<\/title>\n<meta name=\"robots\" content=\"index, follow, max-snippet:-1, max-image-preview:large, max-video-preview:-1\" \/>\n<link rel=\"canonical\" href=\"https:\/\/jlvholding.com\/co\/asesora-ventas\/\" \/>\n<meta property=\"og:locale\" content=\"es_ES\" \/>\n<meta property=\"og:type\" content=\"article\" \/>\n<meta property=\"og:title\" content=\"Asesora de Ventas \u2013 Vivienda VIS y VIP - JLV Holding\" \/>\n<meta property=\"og:description\" content=\"Perfil del Cargo: Buscamos una Asesora de Ventas con experiencia en proyectos de vivienda VIS y VIP, orientada al acompa\u00f1amiento integral del cliente durante todo el proceso de compra. La candidata ideal se caracteriza por brindar una asesor\u00eda clara, confiable y personalizada, con enfoque en el cumplimiento de los objetivos comerciales y la satisfacci\u00f3n del [&hellip;]\" \/>\n<meta property=\"og:url\" content=\"https:\/\/jlvholding.com\/co\/asesora-ventas\/\" \/>\n<meta property=\"og:site_name\" content=\"JLV Holding\" \/>\n<meta property=\"article:modified_time\" content=\"2026-01-21T16:47:47+00:00\" \/>\n<meta name=\"twitter:card\" content=\"summary_large_image\" \/>\n<script type=\"application\/ld+json\" class=\"yoast-schema-graph\">{\"@context\":\"https:\/\/schema.org\",\"@graph\":[{\"@type\":\"WebPage\",\"@id\":\"https:\/\/jlvholding.com\/co\/asesora-ventas\/\",\"url\":\"https:\/\/jlvholding.com\/co\/asesora-ventas\/\",\"name\":\"Asesora de Ventas \u2013 Vivienda VIS y VIP - JLV Holding\",\"isPartOf\":{\"@id\":\"https:\/\/jlvholding.com\/#website\"},\"datePublished\":\"2026-01-21T13:51:30+00:00\",\"dateModified\":\"2026-01-21T16:47:47+00:00\",\"breadcrumb\":{\"@id\":\"https:\/\/jlvholding.com\/co\/asesora-ventas\/#breadcrumb\"},\"inLanguage\":\"es-CO\",\"potentialAction\":[{\"@type\":\"ReadAction\",\"target\":[\"https:\/\/jlvholding.com\/co\/asesora-ventas\/\"]}]},{\"@type\":\"BreadcrumbList\",\"@id\":\"https:\/\/jlvholding.com\/co\/asesora-ventas\/#breadcrumb\",\"itemListElement\":[{\"@type\":\"ListItem\",\"position\":1,\"name\":\"Inicio\",\"item\":\"https:\/\/jlvholding.com\/co\/\"},{\"@type\":\"ListItem\",\"position\":2,\"name\":\"Asesora de Ventas \u2013 Vivienda VIS y VIP\"}]},{\"@type\":\"WebSite\",\"@id\":\"https:\/\/jlvholding.com\/#website\",\"url\":\"https:\/\/jlvholding.com\/\",\"name\":\"JLV Holding\",\"description\":\"EXPERIENCE IN MOTION\",\"potentialAction\":[{\"@type\":\"SearchAction\",\"target\":{\"@type\":\"EntryPoint\",\"urlTemplate\":\"https:\/\/jlvholding.com\/?s={search_term_string}\"},\"query-input\":{\"@type\":\"PropertyValueSpecification\",\"valueRequired\":true,\"valueName\":\"search_term_string\"}}],\"inLanguage\":\"es-CO\"}]}<\/script>\n<!-- \/ Yoast SEO plugin. -->","yoast_head_json":{"title":"Asesora de Ventas \u2013 Vivienda VIS y VIP - JLV Holding","robots":{"index":"index","follow":"follow","max-snippet":"max-snippet:-1","max-image-preview":"max-image-preview:large","max-video-preview":"max-video-preview:-1"},"canonical":"https:\/\/jlvholding.com\/co\/asesora-ventas\/","og_locale":"es_ES","og_type":"article","og_title":"Asesora de Ventas \u2013 Vivienda VIS y VIP - JLV Holding","og_description":"Perfil del Cargo: Buscamos una Asesora de Ventas con experiencia en proyectos de vivienda VIS y VIP, orientada al acompa\u00f1amiento integral del cliente durante todo el proceso de compra. La candidata ideal se caracteriza por brindar una asesor\u00eda clara, confiable y personalizada, con enfoque en el cumplimiento de los objetivos comerciales y la satisfacci\u00f3n del [&hellip;]","og_url":"https:\/\/jlvholding.com\/co\/asesora-ventas\/","og_site_name":"JLV Holding","article_modified_time":"2026-01-21T16:47:47+00:00","twitter_card":"summary_large_image","schema":{"@context":"https:\/\/schema.org","@graph":[{"@type":"WebPage","@id":"https:\/\/jlvholding.com\/co\/asesora-ventas\/","url":"https:\/\/jlvholding.com\/co\/asesora-ventas\/","name":"Asesora de Ventas \u2013 Vivienda VIS y VIP - JLV Holding","isPartOf":{"@id":"https:\/\/jlvholding.com\/#website"},"datePublished":"2026-01-21T13:51:30+00:00","dateModified":"2026-01-21T16:47:47+00:00","breadcrumb":{"@id":"https:\/\/jlvholding.com\/co\/asesora-ventas\/#breadcrumb"},"inLanguage":"es-CO","potentialAction":[{"@type":"ReadAction","target":["https:\/\/jlvholding.com\/co\/asesora-ventas\/"]}]},{"@type":"BreadcrumbList","@id":"https:\/\/jlvholding.com\/co\/asesora-ventas\/#breadcrumb","itemListElement":[{"@type":"ListItem","position":1,"name":"Inicio","item":"https:\/\/jlvholding.com\/co\/"},{"@type":"ListItem","position":2,"name":"Asesora de Ventas \u2013 Vivienda VIS y VIP"}]},{"@type":"WebSite","@id":"https:\/\/jlvholding.com\/#website","url":"https:\/\/jlvholding.com\/","name":"JLV Holding","description":"EXPERIENCE IN MOTION","potentialAction":[{"@type":"SearchAction","target":{"@type":"EntryPoint","urlTemplate":"https:\/\/jlvholding.com\/?s={search_term_string}"},"query-input":{"@type":"PropertyValueSpecification","valueRequired":true,"valueName":"search_term_string"}}],"inLanguage":"es-CO"}]}},"_links":{"self":[{"href":"https:\/\/jlvholding.com\/co\/wp-json\/wp\/v2\/pages\/3501","targetHints":{"allow":["GET"]}}],"collection":[{"href":"https:\/\/jlvholding.com\/co\/wp-json\/wp\/v2\/pages"}],"about":[{"href":"https:\/\/jlvholding.com\/co\/wp-json\/wp\/v2\/types\/page"}],"author":[{"embeddable":true,"href":"https:\/\/jlvholding.com\/co\/wp-json\/wp\/v2\/users\/10"}],"replies":[{"embeddable":true,"href":"https:\/\/jlvholding.com\/co\/wp-json\/wp\/v2\/comments?post=3501"}],"version-history":[{"count":14,"href":"https:\/\/jlvholding.com\/co\/wp-json\/wp\/v2\/pages\/3501\/revisions"}],"predecessor-version":[{"id":3602,"href":"https:\/\/jlvholding.com\/co\/wp-json\/wp\/v2\/pages\/3501\/revisions\/3602"}],"wp:attachment":[{"href":"https:\/\/jlvholding.com\/co\/wp-json\/wp\/v2\/media?parent=3501"}],"curies":[{"name":"wp","href":"https:\/\/api.w.org\/{rel}","templated":true}]}}