{"id":3555,"date":"2026-01-21T16:29:25","date_gmt":"2026-01-21T16:29:25","guid":{"rendered":"https:\/\/jlvholding.com\/co\/?page_id=3555"},"modified":"2026-01-21T16:41:32","modified_gmt":"2026-01-21T16:41:32","slug":"asistente-financiero","status":"publish","type":"page","link":"https:\/\/jlvholding.com\/co\/asistente-financiero\/","title":{"rendered":"Asistente Financiero"},"content":{"rendered":"\t\t<div data-elementor-type=\"wp-page\" data-elementor-id=\"3555\" class=\"elementor elementor-3555\" data-elementor-post-type=\"page\">\n\t\t\t\t\t\t<section class=\"elementor-section elementor-top-section elementor-element elementor-element-291a0d9 elementor-section-boxed elementor-section-height-default elementor-section-height-default\" data-id=\"291a0d9\" data-element_type=\"section\">\n\t\t\t\t\t\t<div class=\"elementor-container elementor-column-gap-default\">\n\t\t\t\t\t<div class=\"elementor-column elementor-col-50 elementor-top-column elementor-element elementor-element-9b6421f\" data-id=\"9b6421f\" data-element_type=\"column\">\n\t\t\t<div class=\"elementor-widget-wrap elementor-element-populated\">\n\t\t\t\t\t\t<div class=\"elementor-element elementor-element-1cfc835 elementor-widget elementor-widget-text-editor\" data-id=\"1cfc835\" data-element_type=\"widget\" data-widget_type=\"text-editor.default\">\n\t\t\t\t\t\t\t\t\t<h2><strong data-start=\"199\" data-end=\"220\">Perfil del Cargo:<\/strong><\/h2><p>Buscamos una Asistente Financiero con experiencia en la gesti\u00f3n, control y an\u00e1lisis de informaci\u00f3n financiera, orientada a apoyar el manejo eficiente de los recursos de la empresa. La persona ideal se caracteriza por su organizaci\u00f3n, precisi\u00f3n y atenci\u00f3n al detalle, asegurando procesos financieros ordenados y alineados con las pol\u00edticas internas de la compa\u00f1\u00eda.<\/p><h4><strong data-start=\"588\" data-end=\"614\">Funciones Principales:<\/strong><\/h4><ul data-start=\"617\" data-end=\"1144\"><li data-start=\"617\" data-end=\"706\"><p data-start=\"619\" data-end=\"706\">Apoyar al \u00e1rea administrativa en la ejecuci\u00f3n, control y seguimiento de presupuestos.<\/p><\/li><li data-start=\"707\" data-end=\"769\"><p data-start=\"709\" data-end=\"769\">Elaborar informes de an\u00e1lisis de costos fijos y variables.<\/p><\/li><li data-start=\"770\" data-end=\"833\"><p data-start=\"772\" data-end=\"833\">Registrar, verificar y organizar transacciones financieras.<\/p><\/li><li data-start=\"834\" data-end=\"900\"><p data-start=\"836\" data-end=\"900\">Realizar conciliaciones bancarias y control de flujos de caja.<\/p><\/li><li data-start=\"901\" data-end=\"983\"><p data-start=\"903\" data-end=\"983\">Apoyar la elaboraci\u00f3n de informes financieros y el seguimiento de inversiones.<\/p><\/li><li data-start=\"984\" data-end=\"1079\"><p data-start=\"986\" data-end=\"1079\">Atender requerimientos del \u00e1rea financiera conforme a las pol\u00edticas internas de la empresa.<\/p><\/li><li data-start=\"1080\" data-end=\"1144\"><p data-start=\"1082\" data-end=\"1144\">Mantener actualizada y organizada la documentaci\u00f3n financiera.<\/p><\/li><\/ul><h4><strong data-start=\"1146\" data-end=\"1161\">Requisitos:<\/strong><\/h4><ul data-start=\"1164\" data-end=\"1457\"><li data-start=\"1164\" data-end=\"1264\"><p data-start=\"1166\" data-end=\"1264\">Experiencia m\u00ednima de un (1) a\u00f1o en cargos relacionados con el \u00e1rea financiera o administrativa.<\/p><\/li><li data-start=\"1265\" data-end=\"1295\"><p data-start=\"1267\" data-end=\"1295\">Dominio avanzado de Excel.<\/p><\/li><li data-start=\"1296\" data-end=\"1389\"><p data-start=\"1298\" data-end=\"1389\">Alta atenci\u00f3n al detalle, capacidad de organizaci\u00f3n y manejo eficiente de la informaci\u00f3n.<\/p><\/li><li data-start=\"1390\" data-end=\"1457\"><p data-start=\"1392\" data-end=\"1457\">Habilidad para el trabajo con datos y an\u00e1lisis financiero b\u00e1sico.<\/p><\/li><\/ul><h5><strong data-start=\"1459\" data-end=\"1479\">Tipo de trabajo:<\/strong> Presencial.<\/h5>\t\t\t\t\t\t\t\t<\/div>\n\t\t\t\t\t<\/div>\n\t\t<\/div>\n\t\t\t\t<div class=\"elementor-column elementor-col-50 elementor-top-column elementor-element elementor-element-a7b59e4\" data-id=\"a7b59e4\" data-element_type=\"column\">\n\t\t\t<div class=\"elementor-widget-wrap elementor-element-populated\">\n\t\t\t\t\t\t<div class=\"elementor-element elementor-element-93961e5 elementor-widget elementor-widget-heading\" data-id=\"93961e5\" data-element_type=\"widget\" data-widget_type=\"heading.default\">\n\t\t\t\t\t<h5 class=\"elementor-heading-title elementor-size-default\">Ejecutivo<\/h5>\t\t\t\t<\/div>\n\t\t\t\t<div class=\"elementor-element elementor-element-ac9a313 elementor-widget elementor-widget-heading\" data-id=\"ac9a313\" data-element_type=\"widget\" data-widget_type=\"heading.default\">\n\t\t\t\t\t<h3 class=\"elementor-heading-title elementor-size-default\">Asistente Financiero<\/h3>\t\t\t\t<\/div>\n\t\t\t\t<div class=\"elementor-element elementor-element-1e8b304 elementor-widget elementor-widget-text-editor\" data-id=\"1e8b304\" data-element_type=\"widget\" data-widget_type=\"text-editor.default\">\n\t\t\t\t\t\t\t\t\t<p>Sabaneta, Antioquia<\/p>\t\t\t\t\t\t\t\t<\/div>\n\t\t\t\t<div class=\"elementor-element elementor-element-eb4d8ab elementor-align-justify elementor-widget elementor-widget-button\" data-id=\"eb4d8ab\" data-element_type=\"widget\" data-widget_type=\"button.default\">\n\t\t\t\t\t\t\t\t\t\t<a class=\"elementor-button elementor-button-link elementor-size-sm\" href=\"https:\/\/jlvholding.com\/co\/aplicar-asistente-financiero\/\">\n\t\t\t\t\t\t<span class=\"elementor-button-content-wrapper\">\n\t\t\t\t\t\t\t\t\t<span class=\"elementor-button-text\">Aplicar ahora<\/span>\n\t\t\t\t\t<\/span>\n\t\t\t\t\t<\/a>\n\t\t\t\t\t\t\t\t<\/div>\n\t\t\t\t<div class=\"elementor-element elementor-element-6aeee93 elementor-widget elementor-widget-spacer\" data-id=\"6aeee93\" data-element_type=\"widget\" data-widget_type=\"spacer.default\">\n\t\t\t\t\t\t\t<div class=\"elementor-spacer\">\n\t\t\t<div class=\"elementor-spacer-inner\"><\/div>\n\t\t<\/div>\n\t\t\t\t\t\t<\/div>\n\t\t\t\t<div class=\"elementor-element elementor-element-a515544 elementor-widget elementor-widget-heading\" data-id=\"a515544\" data-element_type=\"widget\" data-widget_type=\"heading.default\">\n\t\t\t\t\t<h4 class=\"elementor-heading-title elementor-size-default\">Horario<\/h4>\t\t\t\t<\/div>\n\t\t\t\t<div class=\"elementor-element elementor-element-a44d86d elementor-widget elementor-widget-text-editor\" data-id=\"a44d86d\" data-element_type=\"widget\" data-widget_type=\"text-editor.default\">\n\t\t\t\t\t\t\t\t\t<p>Lunes a Viernes de 8 am a 5 pm<\/p>\t\t\t\t\t\t\t\t<\/div>\n\t\t\t\t<div class=\"elementor-element elementor-element-b3ffcf6 elementor-widget elementor-widget-heading\" data-id=\"b3ffcf6\" data-element_type=\"widget\" data-widget_type=\"heading.default\">\n\t\t\t\t\t<h4 class=\"elementor-heading-title elementor-size-default\">Tipo de contrato<\/h4>\t\t\t\t<\/div>\n\t\t\t\t<div class=\"elementor-element elementor-element-b8f4eb5 elementor-widget elementor-widget-text-editor\" data-id=\"b8f4eb5\" data-element_type=\"widget\" data-widget_type=\"text-editor.default\">\n\t\t\t\t\t\t\t\t\t<p>Se informa al momento de la entrevista<\/p>\t\t\t\t\t\t\t\t<\/div>\n\t\t\t\t<div class=\"elementor-element elementor-element-48a56c8 elementor-widget elementor-widget-heading\" data-id=\"48a56c8\" data-element_type=\"widget\" data-widget_type=\"heading.default\">\n\t\t\t\t\t<h4 class=\"elementor-heading-title elementor-size-default\">Extras<\/h4>\t\t\t\t<\/div>\n\t\t\t\t<div class=\"elementor-element elementor-element-ae6a4eb elementor-widget elementor-widget-text-editor\" data-id=\"ae6a4eb\" data-element_type=\"widget\" data-widget_type=\"text-editor.default\">\n\t\t\t\t\t\t\t\t\t<ul><li>Accesos a cursos en Platzi.<\/li><li>Descuentos de empleados en el Centro Comercial Mayorca.<\/li><li>Posibilidad de s\u00e1bados libres.<\/li><li>Posibilidades de crecimiento laboral.<\/li><li>Excelente ambiente laboral.<\/li><li>Participaci\u00f3n en eventos especiales.<\/li><\/ul>\t\t\t\t\t\t\t\t<\/div>\n\t\t\t\t\t<\/div>\n\t\t<\/div>\n\t\t\t\t\t<\/div>\n\t\t<\/section>\n\t\t\t\t<\/div>\n\t\t","protected":false},"excerpt":{"rendered":"<p>Perfil del Cargo: Buscamos una Asistente Financiero con experiencia en la gesti\u00f3n, control y an\u00e1lisis de informaci\u00f3n financiera, orientada a apoyar el manejo eficiente de los recursos de la empresa. La persona ideal se caracteriza por su organizaci\u00f3n, precisi\u00f3n y atenci\u00f3n al detalle, asegurando procesos financieros ordenados y alineados con las pol\u00edticas internas de la [&hellip;]<\/p>\n","protected":false},"author":10,"featured_media":0,"parent":0,"menu_order":0,"comment_status":"closed","ping_status":"closed","template":"","meta":{"_acf_changed":false,"_glsr_average":0,"_glsr_ranking":0,"_glsr_reviews":0,"footnotes":""},"class_list":["post-3555","page","type-page","status-publish","hentry"],"acf":[],"yoast_head":"<!-- This site is optimized with the Yoast SEO plugin v23.4 - https:\/\/yoast.com\/wordpress\/plugins\/seo\/ -->\n<title>Asistente Financiero - JLV Holding<\/title>\n<meta name=\"robots\" content=\"index, follow, max-snippet:-1, max-image-preview:large, max-video-preview:-1\" \/>\n<link rel=\"canonical\" href=\"https:\/\/jlvholding.com\/co\/asistente-financiero\/\" \/>\n<meta property=\"og:locale\" content=\"es_ES\" \/>\n<meta property=\"og:type\" content=\"article\" \/>\n<meta property=\"og:title\" content=\"Asistente Financiero - JLV Holding\" \/>\n<meta property=\"og:description\" content=\"Perfil del Cargo: Buscamos una Asistente Financiero con experiencia en la gesti\u00f3n, control y an\u00e1lisis de informaci\u00f3n financiera, orientada a apoyar el manejo eficiente de los recursos de la empresa. La persona ideal se caracteriza por su organizaci\u00f3n, precisi\u00f3n y atenci\u00f3n al detalle, asegurando procesos financieros ordenados y alineados con las pol\u00edticas internas de la [&hellip;]\" \/>\n<meta property=\"og:url\" content=\"https:\/\/jlvholding.com\/co\/asistente-financiero\/\" \/>\n<meta property=\"og:site_name\" content=\"JLV Holding\" \/>\n<meta property=\"article:modified_time\" content=\"2026-01-21T16:41:32+00:00\" \/>\n<meta name=\"twitter:card\" content=\"summary_large_image\" \/>\n<script type=\"application\/ld+json\" class=\"yoast-schema-graph\">{\"@context\":\"https:\/\/schema.org\",\"@graph\":[{\"@type\":\"WebPage\",\"@id\":\"https:\/\/jlvholding.com\/co\/asistente-financiero\/\",\"url\":\"https:\/\/jlvholding.com\/co\/asistente-financiero\/\",\"name\":\"Asistente Financiero - JLV Holding\",\"isPartOf\":{\"@id\":\"https:\/\/jlvholding.com\/#website\"},\"datePublished\":\"2026-01-21T16:29:25+00:00\",\"dateModified\":\"2026-01-21T16:41:32+00:00\",\"breadcrumb\":{\"@id\":\"https:\/\/jlvholding.com\/co\/asistente-financiero\/#breadcrumb\"},\"inLanguage\":\"es-CO\",\"potentialAction\":[{\"@type\":\"ReadAction\",\"target\":[\"https:\/\/jlvholding.com\/co\/asistente-financiero\/\"]}]},{\"@type\":\"BreadcrumbList\",\"@id\":\"https:\/\/jlvholding.com\/co\/asistente-financiero\/#breadcrumb\",\"itemListElement\":[{\"@type\":\"ListItem\",\"position\":1,\"name\":\"Inicio\",\"item\":\"https:\/\/jlvholding.com\/co\/\"},{\"@type\":\"ListItem\",\"position\":2,\"name\":\"Asistente Financiero\"}]},{\"@type\":\"WebSite\",\"@id\":\"https:\/\/jlvholding.com\/#website\",\"url\":\"https:\/\/jlvholding.com\/\",\"name\":\"JLV Holding\",\"description\":\"EXPERIENCE IN MOTION\",\"potentialAction\":[{\"@type\":\"SearchAction\",\"target\":{\"@type\":\"EntryPoint\",\"urlTemplate\":\"https:\/\/jlvholding.com\/?s={search_term_string}\"},\"query-input\":{\"@type\":\"PropertyValueSpecification\",\"valueRequired\":true,\"valueName\":\"search_term_string\"}}],\"inLanguage\":\"es-CO\"}]}<\/script>\n<!-- \/ Yoast SEO plugin. -->","yoast_head_json":{"title":"Asistente Financiero - JLV Holding","robots":{"index":"index","follow":"follow","max-snippet":"max-snippet:-1","max-image-preview":"max-image-preview:large","max-video-preview":"max-video-preview:-1"},"canonical":"https:\/\/jlvholding.com\/co\/asistente-financiero\/","og_locale":"es_ES","og_type":"article","og_title":"Asistente Financiero - JLV Holding","og_description":"Perfil del Cargo: Buscamos una Asistente Financiero con experiencia en la gesti\u00f3n, control y an\u00e1lisis de informaci\u00f3n financiera, orientada a apoyar el manejo eficiente de los recursos de la empresa. La persona ideal se caracteriza por su organizaci\u00f3n, precisi\u00f3n y atenci\u00f3n al detalle, asegurando procesos financieros ordenados y alineados con las pol\u00edticas internas de la [&hellip;]","og_url":"https:\/\/jlvholding.com\/co\/asistente-financiero\/","og_site_name":"JLV Holding","article_modified_time":"2026-01-21T16:41:32+00:00","twitter_card":"summary_large_image","schema":{"@context":"https:\/\/schema.org","@graph":[{"@type":"WebPage","@id":"https:\/\/jlvholding.com\/co\/asistente-financiero\/","url":"https:\/\/jlvholding.com\/co\/asistente-financiero\/","name":"Asistente Financiero - JLV Holding","isPartOf":{"@id":"https:\/\/jlvholding.com\/#website"},"datePublished":"2026-01-21T16:29:25+00:00","dateModified":"2026-01-21T16:41:32+00:00","breadcrumb":{"@id":"https:\/\/jlvholding.com\/co\/asistente-financiero\/#breadcrumb"},"inLanguage":"es-CO","potentialAction":[{"@type":"ReadAction","target":["https:\/\/jlvholding.com\/co\/asistente-financiero\/"]}]},{"@type":"BreadcrumbList","@id":"https:\/\/jlvholding.com\/co\/asistente-financiero\/#breadcrumb","itemListElement":[{"@type":"ListItem","position":1,"name":"Inicio","item":"https:\/\/jlvholding.com\/co\/"},{"@type":"ListItem","position":2,"name":"Asistente Financiero"}]},{"@type":"WebSite","@id":"https:\/\/jlvholding.com\/#website","url":"https:\/\/jlvholding.com\/","name":"JLV Holding","description":"EXPERIENCE IN MOTION","potentialAction":[{"@type":"SearchAction","target":{"@type":"EntryPoint","urlTemplate":"https:\/\/jlvholding.com\/?s={search_term_string}"},"query-input":{"@type":"PropertyValueSpecification","valueRequired":true,"valueName":"search_term_string"}}],"inLanguage":"es-CO"}]}},"_links":{"self":[{"href":"https:\/\/jlvholding.com\/co\/wp-json\/wp\/v2\/pages\/3555","targetHints":{"allow":["GET"]}}],"collection":[{"href":"https:\/\/jlvholding.com\/co\/wp-json\/wp\/v2\/pages"}],"about":[{"href":"https:\/\/jlvholding.com\/co\/wp-json\/wp\/v2\/types\/page"}],"author":[{"embeddable":true,"href":"https:\/\/jlvholding.com\/co\/wp-json\/wp\/v2\/users\/10"}],"replies":[{"embeddable":true,"href":"https:\/\/jlvholding.com\/co\/wp-json\/wp\/v2\/comments?post=3555"}],"version-history":[{"count":13,"href":"https:\/\/jlvholding.com\/co\/wp-json\/wp\/v2\/pages\/3555\/revisions"}],"predecessor-version":[{"id":3585,"href":"https:\/\/jlvholding.com\/co\/wp-json\/wp\/v2\/pages\/3555\/revisions\/3585"}],"wp:attachment":[{"href":"https:\/\/jlvholding.com\/co\/wp-json\/wp\/v2\/media?parent=3555"}],"curies":[{"name":"wp","href":"https:\/\/api.w.org\/{rel}","templated":true}]}}