{"id":3818,"date":"2026-02-06T13:33:04","date_gmt":"2026-02-06T13:33:04","guid":{"rendered":"https:\/\/jlvholding.com\/co\/?page_id=3818"},"modified":"2026-02-06T14:04:35","modified_gmt":"2026-02-06T14:04:35","slug":"comunicador-digital","status":"publish","type":"page","link":"https:\/\/jlvholding.com\/co\/comunicador-digital\/","title":{"rendered":"Comunicador\/a Digital"},"content":{"rendered":"\t\t<div data-elementor-type=\"wp-page\" data-elementor-id=\"3818\" class=\"elementor elementor-3818\" data-elementor-post-type=\"page\">\n\t\t\t\t\t\t<section class=\"elementor-section elementor-top-section elementor-element elementor-element-291a0d9 elementor-section-boxed elementor-section-height-default elementor-section-height-default\" data-id=\"291a0d9\" data-element_type=\"section\">\n\t\t\t\t\t\t<div class=\"elementor-container elementor-column-gap-default\">\n\t\t\t\t\t<div class=\"elementor-column elementor-col-50 elementor-top-column elementor-element elementor-element-9b6421f\" data-id=\"9b6421f\" data-element_type=\"column\">\n\t\t\t<div class=\"elementor-widget-wrap elementor-element-populated\">\n\t\t\t\t\t\t<div class=\"elementor-element elementor-element-1cfc835 elementor-widget elementor-widget-text-editor\" data-id=\"1cfc835\" data-element_type=\"widget\" data-widget_type=\"text-editor.default\">\n\t\t\t\t\t\t\t\t\t<h2><strong data-start=\"199\" data-end=\"220\">Perfil del Cargo:<\/strong><\/h2>\n<p>Buscamos un\/a Comunicador\/a Digital con experiencia en la planeaci\u00f3n, producci\u00f3n y gesti\u00f3n de contenido digital, orientado\/a a asegurar coherencia visual y de mensaje en los diferentes canales, interacci\u00f3n oportuna con la audiencia y ejecuci\u00f3n audiovisual enfocada en el posicionamiento de marca y el logro de resultados. El perfil ideal combina criterio creativo, pensamiento estrat\u00e9gico y capacidad operativa.<\/p>\n<h4><strong data-start=\"588\" data-end=\"614\">Funciones Principales:<\/strong><\/h4>\n<ul>\n<li data-start=\"1424\" data-end=\"1521\">\n<p data-start=\"1426\" data-end=\"1521\">Formaci\u00f3n en Comunicaci\u00f3n Gr\u00e1fica Publicitaria, Marketing Digital, Publicidad o \u00e1reas afines.<\/p>\n<\/li>\n<li data-start=\"1522\" data-end=\"1579\">\n<p data-start=\"1524\" data-end=\"1579\">Experiencia m\u00ednima de un (1) a\u00f1o en cargos similares.<\/p>\n<\/li>\n<li data-start=\"1580\" data-end=\"1652\">\n<p data-start=\"1582\" data-end=\"1652\">Manejo de herramientas de creaci\u00f3n de contenido como Canva y CapCut.<\/p>\n<\/li>\n<li data-start=\"1653\" data-end=\"1732\">\n<p data-start=\"1655\" data-end=\"1732\">Buenas habilidades de comunicaci\u00f3n y atenci\u00f3n al usuario en redes sociales.<\/p>\n<\/li>\n<li data-start=\"1733\" data-end=\"1798\">\n<p data-start=\"1735\" data-end=\"1798\">Conocimiento b\u00e1sico de formatos y tendencias en redes sociales.<\/p>\n<\/li>\n<\/ul>\n<h4><strong data-start=\"1146\" data-end=\"1161\">Competencias Clave:<\/strong><\/h4>\n<ul>\n<li data-start=\"1826\" data-end=\"1861\">\n<p data-start=\"1828\" data-end=\"1861\">Criterio visual y publicitario.<\/p>\n<\/li>\n<li data-start=\"1862\" data-end=\"1907\">\n<p data-start=\"1864\" data-end=\"1907\">Copywriting claro, creativo y persuasivo.<\/p>\n<\/li>\n<li data-start=\"1908\" data-end=\"1965\">\n<p data-start=\"1910\" data-end=\"1965\">Pensamiento estrat\u00e9gico con orientaci\u00f3n a resultados.<\/p>\n<\/li>\n<li data-start=\"1966\" data-end=\"2016\">\n<p data-start=\"1968\" data-end=\"2016\">Creatividad aplicada a los objetivos de marca.<\/p>\n<\/li>\n<li data-start=\"2017\" data-end=\"2072\">\n<p data-start=\"2019\" data-end=\"2072\">Trabajo en equipo, organizaci\u00f3n y gesti\u00f3n del tiempo.<\/p>\n<\/li>\n<\/ul>\n<h5><strong data-start=\"1459\" data-end=\"1479\">Tipo de trabajo:<\/strong> Presencial.<\/h5>\t\t\t\t\t\t\t\t<\/div>\n\t\t\t\t\t<\/div>\n\t\t<\/div>\n\t\t\t\t<div class=\"elementor-column elementor-col-50 elementor-top-column elementor-element elementor-element-a7b59e4\" data-id=\"a7b59e4\" data-element_type=\"column\">\n\t\t\t<div class=\"elementor-widget-wrap elementor-element-populated\">\n\t\t\t\t\t\t<div class=\"elementor-element elementor-element-93961e5 elementor-widget elementor-widget-heading\" data-id=\"93961e5\" data-element_type=\"widget\" data-widget_type=\"heading.default\">\n\t\t\t\t\t<h5 class=\"elementor-heading-title elementor-size-default\">Operativo<\/h5>\t\t\t\t<\/div>\n\t\t\t\t<div class=\"elementor-element elementor-element-ac9a313 elementor-widget elementor-widget-heading\" data-id=\"ac9a313\" data-element_type=\"widget\" data-widget_type=\"heading.default\">\n\t\t\t\t\t<h3 class=\"elementor-heading-title elementor-size-default\">Comunicador\/a Digital<\/h3>\t\t\t\t<\/div>\n\t\t\t\t<div class=\"elementor-element elementor-element-1e8b304 elementor-widget elementor-widget-text-editor\" data-id=\"1e8b304\" data-element_type=\"widget\" data-widget_type=\"text-editor.default\">\n\t\t\t\t\t\t\t\t\t<p>Sabaneta, Antioquia<\/p>\t\t\t\t\t\t\t\t<\/div>\n\t\t\t\t<div class=\"elementor-element elementor-element-eb4d8ab elementor-align-justify elementor-widget elementor-widget-button\" data-id=\"eb4d8ab\" data-element_type=\"widget\" data-widget_type=\"button.default\">\n\t\t\t\t\t\t\t\t\t\t<a class=\"elementor-button elementor-button-link elementor-size-sm\" href=\"https:\/\/jlvholding.com\/co\/aplicar-comunicador-digital\/\">\n\t\t\t\t\t\t<span class=\"elementor-button-content-wrapper\">\n\t\t\t\t\t\t\t\t\t<span class=\"elementor-button-text\">Aplicar ahora<\/span>\n\t\t\t\t\t<\/span>\n\t\t\t\t\t<\/a>\n\t\t\t\t\t\t\t\t<\/div>\n\t\t\t\t<div class=\"elementor-element elementor-element-6aeee93 elementor-widget elementor-widget-spacer\" data-id=\"6aeee93\" data-element_type=\"widget\" data-widget_type=\"spacer.default\">\n\t\t\t\t\t\t\t<div class=\"elementor-spacer\">\n\t\t\t<div class=\"elementor-spacer-inner\"><\/div>\n\t\t<\/div>\n\t\t\t\t\t\t<\/div>\n\t\t\t\t<div class=\"elementor-element elementor-element-a515544 elementor-widget elementor-widget-heading\" data-id=\"a515544\" data-element_type=\"widget\" data-widget_type=\"heading.default\">\n\t\t\t\t\t<h4 class=\"elementor-heading-title elementor-size-default\">Horario<\/h4>\t\t\t\t<\/div>\n\t\t\t\t<div class=\"elementor-element elementor-element-a44d86d elementor-widget elementor-widget-text-editor\" data-id=\"a44d86d\" data-element_type=\"widget\" data-widget_type=\"text-editor.default\">\n\t\t\t\t\t\t\t\t\t<p>Lunes a Viernes de 8 am a 5 pm<\/p>\t\t\t\t\t\t\t\t<\/div>\n\t\t\t\t<div class=\"elementor-element elementor-element-b3ffcf6 elementor-widget elementor-widget-heading\" data-id=\"b3ffcf6\" data-element_type=\"widget\" data-widget_type=\"heading.default\">\n\t\t\t\t\t<h4 class=\"elementor-heading-title elementor-size-default\">Tipo de contrato<\/h4>\t\t\t\t<\/div>\n\t\t\t\t<div class=\"elementor-element elementor-element-b8f4eb5 elementor-widget elementor-widget-text-editor\" data-id=\"b8f4eb5\" data-element_type=\"widget\" data-widget_type=\"text-editor.default\">\n\t\t\t\t\t\t\t\t\t<p>Se informa al momento de la entrevista<\/p>\t\t\t\t\t\t\t\t<\/div>\n\t\t\t\t<div class=\"elementor-element elementor-element-48a56c8 elementor-widget elementor-widget-heading\" data-id=\"48a56c8\" data-element_type=\"widget\" data-widget_type=\"heading.default\">\n\t\t\t\t\t<h4 class=\"elementor-heading-title elementor-size-default\">Extras<\/h4>\t\t\t\t<\/div>\n\t\t\t\t<div class=\"elementor-element elementor-element-ae6a4eb elementor-widget elementor-widget-text-editor\" data-id=\"ae6a4eb\" data-element_type=\"widget\" data-widget_type=\"text-editor.default\">\n\t\t\t\t\t\t\t\t\t<ul><li>Accesos a cursos en Platzi.<\/li><li>Descuentos de empleados en el Centro Comercial Mayorca.<\/li><li>Posibilidad de s\u00e1bados libres.<\/li><li>Posibilidades de crecimiento laboral.<\/li><li>Excelente ambiente laboral.<\/li><li>Participaci\u00f3n en eventos especiales.<\/li><\/ul>\t\t\t\t\t\t\t\t<\/div>\n\t\t\t\t\t<\/div>\n\t\t<\/div>\n\t\t\t\t\t<\/div>\n\t\t<\/section>\n\t\t\t\t<\/div>\n\t\t","protected":false},"excerpt":{"rendered":"<p>Perfil del Cargo: Buscamos un\/a Comunicador\/a Digital con experiencia en la planeaci\u00f3n, producci\u00f3n y gesti\u00f3n de contenido digital, orientado\/a a asegurar coherencia visual y de mensaje en los diferentes canales, interacci\u00f3n oportuna con la audiencia y ejecuci\u00f3n audiovisual enfocada en el posicionamiento de marca y el logro de resultados. El perfil ideal combina criterio creativo, [&hellip;]<\/p>\n","protected":false},"author":10,"featured_media":0,"parent":0,"menu_order":0,"comment_status":"closed","ping_status":"closed","template":"","meta":{"_acf_changed":false,"_glsr_average":0,"_glsr_ranking":0,"_glsr_reviews":0,"footnotes":""},"class_list":["post-3818","page","type-page","status-publish","hentry"],"acf":[],"yoast_head":"<!-- This site is optimized with the Yoast SEO plugin v23.4 - https:\/\/yoast.com\/wordpress\/plugins\/seo\/ -->\n<title>Comunicador\/a Digital - JLV Holding<\/title>\n<meta name=\"robots\" content=\"index, follow, max-snippet:-1, max-image-preview:large, max-video-preview:-1\" \/>\n<link rel=\"canonical\" href=\"https:\/\/jlvholding.com\/co\/comunicador-digital\/\" \/>\n<meta property=\"og:locale\" content=\"es_ES\" \/>\n<meta property=\"og:type\" content=\"article\" \/>\n<meta property=\"og:title\" content=\"Comunicador\/a Digital - JLV Holding\" \/>\n<meta property=\"og:description\" content=\"Perfil del Cargo: Buscamos un\/a Comunicador\/a Digital con experiencia en la planeaci\u00f3n, producci\u00f3n y gesti\u00f3n de contenido digital, orientado\/a a asegurar coherencia visual y de mensaje en los diferentes canales, interacci\u00f3n oportuna con la audiencia y ejecuci\u00f3n audiovisual enfocada en el posicionamiento de marca y el logro de resultados. El perfil ideal combina criterio creativo, [&hellip;]\" \/>\n<meta property=\"og:url\" content=\"https:\/\/jlvholding.com\/co\/comunicador-digital\/\" \/>\n<meta property=\"og:site_name\" content=\"JLV Holding\" \/>\n<meta property=\"article:modified_time\" content=\"2026-02-06T14:04:35+00:00\" \/>\n<meta name=\"twitter:card\" content=\"summary_large_image\" \/>\n<script type=\"application\/ld+json\" class=\"yoast-schema-graph\">{\"@context\":\"https:\/\/schema.org\",\"@graph\":[{\"@type\":\"WebPage\",\"@id\":\"https:\/\/jlvholding.com\/co\/comunicador-digital\/\",\"url\":\"https:\/\/jlvholding.com\/co\/comunicador-digital\/\",\"name\":\"Comunicador\/a Digital - JLV Holding\",\"isPartOf\":{\"@id\":\"https:\/\/jlvholding.com\/#website\"},\"datePublished\":\"2026-02-06T13:33:04+00:00\",\"dateModified\":\"2026-02-06T14:04:35+00:00\",\"breadcrumb\":{\"@id\":\"https:\/\/jlvholding.com\/co\/comunicador-digital\/#breadcrumb\"},\"inLanguage\":\"es-CO\",\"potentialAction\":[{\"@type\":\"ReadAction\",\"target\":[\"https:\/\/jlvholding.com\/co\/comunicador-digital\/\"]}]},{\"@type\":\"BreadcrumbList\",\"@id\":\"https:\/\/jlvholding.com\/co\/comunicador-digital\/#breadcrumb\",\"itemListElement\":[{\"@type\":\"ListItem\",\"position\":1,\"name\":\"Inicio\",\"item\":\"https:\/\/jlvholding.com\/co\/\"},{\"@type\":\"ListItem\",\"position\":2,\"name\":\"Comunicador\/a Digital\"}]},{\"@type\":\"WebSite\",\"@id\":\"https:\/\/jlvholding.com\/#website\",\"url\":\"https:\/\/jlvholding.com\/\",\"name\":\"JLV Holding\",\"description\":\"EXPERIENCE IN MOTION\",\"potentialAction\":[{\"@type\":\"SearchAction\",\"target\":{\"@type\":\"EntryPoint\",\"urlTemplate\":\"https:\/\/jlvholding.com\/?s={search_term_string}\"},\"query-input\":{\"@type\":\"PropertyValueSpecification\",\"valueRequired\":true,\"valueName\":\"search_term_string\"}}],\"inLanguage\":\"es-CO\"}]}<\/script>\n<!-- \/ Yoast SEO plugin. -->","yoast_head_json":{"title":"Comunicador\/a Digital - JLV Holding","robots":{"index":"index","follow":"follow","max-snippet":"max-snippet:-1","max-image-preview":"max-image-preview:large","max-video-preview":"max-video-preview:-1"},"canonical":"https:\/\/jlvholding.com\/co\/comunicador-digital\/","og_locale":"es_ES","og_type":"article","og_title":"Comunicador\/a Digital - JLV Holding","og_description":"Perfil del Cargo: Buscamos un\/a Comunicador\/a Digital con experiencia en la planeaci\u00f3n, producci\u00f3n y gesti\u00f3n de contenido digital, orientado\/a a asegurar coherencia visual y de mensaje en los diferentes canales, interacci\u00f3n oportuna con la audiencia y ejecuci\u00f3n audiovisual enfocada en el posicionamiento de marca y el logro de resultados. El perfil ideal combina criterio creativo, [&hellip;]","og_url":"https:\/\/jlvholding.com\/co\/comunicador-digital\/","og_site_name":"JLV Holding","article_modified_time":"2026-02-06T14:04:35+00:00","twitter_card":"summary_large_image","schema":{"@context":"https:\/\/schema.org","@graph":[{"@type":"WebPage","@id":"https:\/\/jlvholding.com\/co\/comunicador-digital\/","url":"https:\/\/jlvholding.com\/co\/comunicador-digital\/","name":"Comunicador\/a Digital - JLV Holding","isPartOf":{"@id":"https:\/\/jlvholding.com\/#website"},"datePublished":"2026-02-06T13:33:04+00:00","dateModified":"2026-02-06T14:04:35+00:00","breadcrumb":{"@id":"https:\/\/jlvholding.com\/co\/comunicador-digital\/#breadcrumb"},"inLanguage":"es-CO","potentialAction":[{"@type":"ReadAction","target":["https:\/\/jlvholding.com\/co\/comunicador-digital\/"]}]},{"@type":"BreadcrumbList","@id":"https:\/\/jlvholding.com\/co\/comunicador-digital\/#breadcrumb","itemListElement":[{"@type":"ListItem","position":1,"name":"Inicio","item":"https:\/\/jlvholding.com\/co\/"},{"@type":"ListItem","position":2,"name":"Comunicador\/a Digital"}]},{"@type":"WebSite","@id":"https:\/\/jlvholding.com\/#website","url":"https:\/\/jlvholding.com\/","name":"JLV Holding","description":"EXPERIENCE IN MOTION","potentialAction":[{"@type":"SearchAction","target":{"@type":"EntryPoint","urlTemplate":"https:\/\/jlvholding.com\/?s={search_term_string}"},"query-input":{"@type":"PropertyValueSpecification","valueRequired":true,"valueName":"search_term_string"}}],"inLanguage":"es-CO"}]}},"_links":{"self":[{"href":"https:\/\/jlvholding.com\/co\/wp-json\/wp\/v2\/pages\/3818","targetHints":{"allow":["GET"]}}],"collection":[{"href":"https:\/\/jlvholding.com\/co\/wp-json\/wp\/v2\/pages"}],"about":[{"href":"https:\/\/jlvholding.com\/co\/wp-json\/wp\/v2\/types\/page"}],"author":[{"embeddable":true,"href":"https:\/\/jlvholding.com\/co\/wp-json\/wp\/v2\/users\/10"}],"replies":[{"embeddable":true,"href":"https:\/\/jlvholding.com\/co\/wp-json\/wp\/v2\/comments?post=3818"}],"version-history":[{"count":16,"href":"https:\/\/jlvholding.com\/co\/wp-json\/wp\/v2\/pages\/3818\/revisions"}],"predecessor-version":[{"id":3866,"href":"https:\/\/jlvholding.com\/co\/wp-json\/wp\/v2\/pages\/3818\/revisions\/3866"}],"wp:attachment":[{"href":"https:\/\/jlvholding.com\/co\/wp-json\/wp\/v2\/media?parent=3818"}],"curies":[{"name":"wp","href":"https:\/\/api.w.org\/{rel}","templated":true}]}}