{"id":3870,"date":"2026-02-06T14:12:41","date_gmt":"2026-02-06T14:12:41","guid":{"rendered":"https:\/\/jlvholding.com\/co\/?page_id=3870"},"modified":"2026-02-06T14:20:47","modified_gmt":"2026-02-06T14:20:47","slug":"abogada-contratacion-estatal-y-licitaciones","status":"publish","type":"page","link":"https:\/\/jlvholding.com\/co\/abogada-contratacion-estatal-y-licitaciones\/","title":{"rendered":"Abogado\/a Contrataci\u00f3n Estatal y Licitaciones"},"content":{"rendered":"\t\t<div data-elementor-type=\"wp-page\" data-elementor-id=\"3870\" class=\"elementor elementor-3870\" data-elementor-post-type=\"page\">\n\t\t\t\t\t\t<section class=\"elementor-section elementor-top-section elementor-element elementor-element-291a0d9 elementor-section-boxed elementor-section-height-default elementor-section-height-default\" data-id=\"291a0d9\" data-element_type=\"section\">\n\t\t\t\t\t\t<div class=\"elementor-container elementor-column-gap-default\">\n\t\t\t\t\t<div class=\"elementor-column elementor-col-50 elementor-top-column elementor-element elementor-element-9b6421f\" data-id=\"9b6421f\" data-element_type=\"column\">\n\t\t\t<div class=\"elementor-widget-wrap elementor-element-populated\">\n\t\t\t\t\t\t<div class=\"elementor-element elementor-element-1cfc835 elementor-widget elementor-widget-text-editor\" data-id=\"1cfc835\" data-element_type=\"widget\" data-widget_type=\"text-editor.default\">\n\t\t\t\t\t\t\t\t\t<h2><strong data-start=\"199\" data-end=\"220\">Perfil del Cargo:<\/strong><\/h2><p>Buscamos un\/a Abogado\/a especializado\/a en contrataci\u00f3n estatal y privada, responsable del acompa\u00f1amiento jur\u00eddico integral de los acuerdos celebrados con entidades p\u00fablicas y privadas para el desarrollo de los proyectos de la empresa. El perfil ideal contar\u00e1 con s\u00f3lida experiencia en representaci\u00f3n judicial y extrajudicial, gesti\u00f3n de riesgos jur\u00eddicos y aseguramiento del cumplimiento normativo, especialmente en proyectos del sector de la construcci\u00f3n.<\/p><h4><strong data-start=\"588\" data-end=\"614\">Funciones Principales:<\/strong><\/h4><ul><li data-start=\"766\" data-end=\"843\"><p data-start=\"768\" data-end=\"843\">Representar judicial y extrajudicialmente a la empresa y a sus asociados.<\/p><\/li><li data-start=\"844\" data-end=\"921\"><p data-start=\"846\" data-end=\"921\">Revisar, estructurar, negociar y suscribir contratos p\u00fablicos y privados.<\/p><\/li><li data-start=\"922\" data-end=\"1001\"><p data-start=\"924\" data-end=\"1001\">Validar el cumplimiento normativo y legal de la empresa en sus operaciones.<\/p><\/li><li data-start=\"1002\" data-end=\"1084\"><p data-start=\"1004\" data-end=\"1084\">Analizar, identificar y gestionar riesgos jur\u00eddicos asociados a los proyectos.<\/p><\/li><li data-start=\"1085\" data-end=\"1172\"><p data-start=\"1087\" data-end=\"1172\">Gestionar garant\u00edas contractuales y tramitar recursos administrativos y judiciales.<\/p><\/li><li data-start=\"1173\" data-end=\"1244\"><p data-start=\"1175\" data-end=\"1244\">Emitir conceptos jur\u00eddicos para la toma de decisiones estrat\u00e9gicas.<\/p><\/li><li data-start=\"1245\" data-end=\"1329\"><p data-start=\"1247\" data-end=\"1329\">Atender reclamaciones relacionadas con el equilibrio econ\u00f3mico de los contratos.<\/p><\/li><li data-start=\"1330\" data-end=\"1412\"><p data-start=\"1332\" data-end=\"1412\">Gestionar la constituci\u00f3n y administraci\u00f3n de consorcios y uniones temporales.<\/p><\/li><li data-start=\"1413\" data-end=\"1550\"><p data-start=\"1415\" data-end=\"1550\">Acompa\u00f1ar la ejecuci\u00f3n y liquidaci\u00f3n de contratos p\u00fablicos, as\u00ed como los procesos contenciosos administrativos derivados de los mismos.<\/p><\/li><\/ul><h4><strong data-start=\"1146\" data-end=\"1161\">Requisitos:<\/strong><\/h4><ul><li data-start=\"1570\" data-end=\"1656\"><p data-start=\"1572\" data-end=\"1656\">Abogado\/a titulado\/a con experiencia m\u00ednima de cinco (5) a\u00f1os en cargos similares.<\/p><\/li><li data-start=\"1657\" data-end=\"1719\"><p data-start=\"1659\" data-end=\"1719\">Experiencia comprobable en contrataci\u00f3n estatal y privada.<\/p><\/li><li data-start=\"1720\" data-end=\"1776\"><p data-start=\"1722\" data-end=\"1776\">Manejo de procesos de licitaci\u00f3n y plataforma SECOP.<\/p><\/li><li data-start=\"1777\" data-end=\"1887\"><p data-start=\"1779\" data-end=\"1887\">Conocimiento y experiencia en procesos de selecci\u00f3n abreviada, concurso de m\u00e9ritos y contrataci\u00f3n directa.<\/p><\/li><li data-start=\"1888\" data-end=\"1972\"><p data-start=\"1890\" data-end=\"1972\">Experiencia en la estructuraci\u00f3n, ejecuci\u00f3n y liquidaci\u00f3n de contratos p\u00fablicos.<\/p><\/li><li data-start=\"1973\" data-end=\"2019\"><p data-start=\"1975\" data-end=\"2019\">Experiencia en el sector de la construcci\u00f3n.<\/p><\/li><\/ul><h5><strong data-start=\"1459\" data-end=\"1479\">Tipo de trabajo:<\/strong> Presencial.<\/h5>\t\t\t\t\t\t\t\t<\/div>\n\t\t\t\t\t<\/div>\n\t\t<\/div>\n\t\t\t\t<div class=\"elementor-column elementor-col-50 elementor-top-column elementor-element elementor-element-a7b59e4\" data-id=\"a7b59e4\" data-element_type=\"column\">\n\t\t\t<div class=\"elementor-widget-wrap elementor-element-populated\">\n\t\t\t\t\t\t<div class=\"elementor-element elementor-element-93961e5 elementor-widget elementor-widget-heading\" data-id=\"93961e5\" data-element_type=\"widget\" data-widget_type=\"heading.default\">\n\t\t\t\t\t<h5 class=\"elementor-heading-title elementor-size-default\">Ejecutivo<\/h5>\t\t\t\t<\/div>\n\t\t\t\t<div class=\"elementor-element elementor-element-ac9a313 elementor-widget elementor-widget-heading\" data-id=\"ac9a313\" data-element_type=\"widget\" data-widget_type=\"heading.default\">\n\t\t\t\t\t<h3 class=\"elementor-heading-title elementor-size-default\">Abogada Contrataci\u00f3n Estatal y Licitaciones<\/h3>\t\t\t\t<\/div>\n\t\t\t\t<div class=\"elementor-element elementor-element-1e8b304 elementor-widget elementor-widget-text-editor\" data-id=\"1e8b304\" data-element_type=\"widget\" data-widget_type=\"text-editor.default\">\n\t\t\t\t\t\t\t\t\t<p>Sabaneta, Antioquia<\/p>\t\t\t\t\t\t\t\t<\/div>\n\t\t\t\t<div class=\"elementor-element elementor-element-eb4d8ab elementor-align-justify elementor-widget elementor-widget-button\" data-id=\"eb4d8ab\" data-element_type=\"widget\" data-widget_type=\"button.default\">\n\t\t\t\t\t\t\t\t\t\t<a class=\"elementor-button elementor-button-link elementor-size-sm\" href=\"https:\/\/jlvholding.com\/co\/aplicar-abogada-contratacion-estatal-y-licitaciones\/\">\n\t\t\t\t\t\t<span class=\"elementor-button-content-wrapper\">\n\t\t\t\t\t\t\t\t\t<span class=\"elementor-button-text\">Aplicar ahora<\/span>\n\t\t\t\t\t<\/span>\n\t\t\t\t\t<\/a>\n\t\t\t\t\t\t\t\t<\/div>\n\t\t\t\t<div class=\"elementor-element elementor-element-6aeee93 elementor-widget elementor-widget-spacer\" data-id=\"6aeee93\" data-element_type=\"widget\" data-widget_type=\"spacer.default\">\n\t\t\t\t\t\t\t<div class=\"elementor-spacer\">\n\t\t\t<div class=\"elementor-spacer-inner\"><\/div>\n\t\t<\/div>\n\t\t\t\t\t\t<\/div>\n\t\t\t\t<div class=\"elementor-element elementor-element-a515544 elementor-widget elementor-widget-heading\" data-id=\"a515544\" data-element_type=\"widget\" data-widget_type=\"heading.default\">\n\t\t\t\t\t<h4 class=\"elementor-heading-title elementor-size-default\">Horario<\/h4>\t\t\t\t<\/div>\n\t\t\t\t<div class=\"elementor-element elementor-element-a44d86d elementor-widget elementor-widget-text-editor\" data-id=\"a44d86d\" data-element_type=\"widget\" data-widget_type=\"text-editor.default\">\n\t\t\t\t\t\t\t\t\t<p>Lunes a Viernes de 8 am a 5 pm<\/p>\t\t\t\t\t\t\t\t<\/div>\n\t\t\t\t<div class=\"elementor-element elementor-element-b3ffcf6 elementor-widget elementor-widget-heading\" data-id=\"b3ffcf6\" data-element_type=\"widget\" data-widget_type=\"heading.default\">\n\t\t\t\t\t<h4 class=\"elementor-heading-title elementor-size-default\">Tipo de contrato<\/h4>\t\t\t\t<\/div>\n\t\t\t\t<div class=\"elementor-element elementor-element-b8f4eb5 elementor-widget elementor-widget-text-editor\" data-id=\"b8f4eb5\" data-element_type=\"widget\" data-widget_type=\"text-editor.default\">\n\t\t\t\t\t\t\t\t\t<p>Se informa al momento de la entrevista<\/p>\t\t\t\t\t\t\t\t<\/div>\n\t\t\t\t<div class=\"elementor-element elementor-element-48a56c8 elementor-widget elementor-widget-heading\" data-id=\"48a56c8\" data-element_type=\"widget\" data-widget_type=\"heading.default\">\n\t\t\t\t\t<h4 class=\"elementor-heading-title elementor-size-default\">Extras<\/h4>\t\t\t\t<\/div>\n\t\t\t\t<div class=\"elementor-element elementor-element-ae6a4eb elementor-widget elementor-widget-text-editor\" data-id=\"ae6a4eb\" data-element_type=\"widget\" data-widget_type=\"text-editor.default\">\n\t\t\t\t\t\t\t\t\t<ul><li>Accesos a cursos en Platzi.<\/li><li>Descuentos de empleados en el Centro Comercial Mayorca.<\/li><li>Posibilidad de s\u00e1bados libres.<\/li><li>Posibilidades de crecimiento laboral.<\/li><li>Excelente ambiente laboral.<\/li><li>Participaci\u00f3n en eventos especiales.<\/li><\/ul>\t\t\t\t\t\t\t\t<\/div>\n\t\t\t\t\t<\/div>\n\t\t<\/div>\n\t\t\t\t\t<\/div>\n\t\t<\/section>\n\t\t\t\t<\/div>\n\t\t","protected":false},"excerpt":{"rendered":"<p>Perfil del Cargo: Buscamos un\/a Abogado\/a especializado\/a en contrataci\u00f3n estatal y privada, responsable del acompa\u00f1amiento jur\u00eddico integral de los acuerdos celebrados con entidades p\u00fablicas y privadas para el desarrollo de los proyectos de la empresa. El perfil ideal contar\u00e1 con s\u00f3lida experiencia en representaci\u00f3n judicial y extrajudicial, gesti\u00f3n de riesgos jur\u00eddicos y aseguramiento del cumplimiento [&hellip;]<\/p>\n","protected":false},"author":10,"featured_media":0,"parent":0,"menu_order":0,"comment_status":"closed","ping_status":"closed","template":"","meta":{"_acf_changed":false,"_glsr_average":0,"_glsr_ranking":0,"_glsr_reviews":0,"footnotes":""},"class_list":["post-3870","page","type-page","status-publish","hentry"],"acf":[],"yoast_head":"<!-- This site is optimized with the Yoast SEO plugin v23.4 - https:\/\/yoast.com\/wordpress\/plugins\/seo\/ -->\n<title>Abogado\/a Contrataci\u00f3n Estatal y Licitaciones - JLV Holding<\/title>\n<meta name=\"robots\" content=\"index, follow, max-snippet:-1, max-image-preview:large, max-video-preview:-1\" \/>\n<link rel=\"canonical\" href=\"https:\/\/jlvholding.com\/co\/abogada-contratacion-estatal-y-licitaciones\/\" \/>\n<meta property=\"og:locale\" content=\"es_ES\" \/>\n<meta property=\"og:type\" content=\"article\" \/>\n<meta property=\"og:title\" content=\"Abogado\/a Contrataci\u00f3n Estatal y Licitaciones - JLV Holding\" \/>\n<meta property=\"og:description\" content=\"Perfil del Cargo: Buscamos un\/a Abogado\/a especializado\/a en contrataci\u00f3n estatal y privada, responsable del acompa\u00f1amiento jur\u00eddico integral de los acuerdos celebrados con entidades p\u00fablicas y privadas para el desarrollo de los proyectos de la empresa. El perfil ideal contar\u00e1 con s\u00f3lida experiencia en representaci\u00f3n judicial y extrajudicial, gesti\u00f3n de riesgos jur\u00eddicos y aseguramiento del cumplimiento [&hellip;]\" \/>\n<meta property=\"og:url\" content=\"https:\/\/jlvholding.com\/co\/abogada-contratacion-estatal-y-licitaciones\/\" \/>\n<meta property=\"og:site_name\" content=\"JLV Holding\" \/>\n<meta property=\"article:modified_time\" content=\"2026-02-06T14:20:47+00:00\" \/>\n<meta name=\"twitter:card\" content=\"summary_large_image\" \/>\n<meta name=\"twitter:label1\" content=\"Tiempo de lectura\" \/>\n\t<meta name=\"twitter:data1\" content=\"2 minutos\" \/>\n<script type=\"application\/ld+json\" class=\"yoast-schema-graph\">{\"@context\":\"https:\/\/schema.org\",\"@graph\":[{\"@type\":\"WebPage\",\"@id\":\"https:\/\/jlvholding.com\/co\/abogada-contratacion-estatal-y-licitaciones\/\",\"url\":\"https:\/\/jlvholding.com\/co\/abogada-contratacion-estatal-y-licitaciones\/\",\"name\":\"Abogado\/a Contrataci\u00f3n Estatal y Licitaciones - JLV Holding\",\"isPartOf\":{\"@id\":\"https:\/\/jlvholding.com\/#website\"},\"datePublished\":\"2026-02-06T14:12:41+00:00\",\"dateModified\":\"2026-02-06T14:20:47+00:00\",\"breadcrumb\":{\"@id\":\"https:\/\/jlvholding.com\/co\/abogada-contratacion-estatal-y-licitaciones\/#breadcrumb\"},\"inLanguage\":\"es-CO\",\"potentialAction\":[{\"@type\":\"ReadAction\",\"target\":[\"https:\/\/jlvholding.com\/co\/abogada-contratacion-estatal-y-licitaciones\/\"]}]},{\"@type\":\"BreadcrumbList\",\"@id\":\"https:\/\/jlvholding.com\/co\/abogada-contratacion-estatal-y-licitaciones\/#breadcrumb\",\"itemListElement\":[{\"@type\":\"ListItem\",\"position\":1,\"name\":\"Inicio\",\"item\":\"https:\/\/jlvholding.com\/co\/\"},{\"@type\":\"ListItem\",\"position\":2,\"name\":\"Abogado\/a Contrataci\u00f3n Estatal y Licitaciones\"}]},{\"@type\":\"WebSite\",\"@id\":\"https:\/\/jlvholding.com\/#website\",\"url\":\"https:\/\/jlvholding.com\/\",\"name\":\"JLV Holding\",\"description\":\"EXPERIENCE IN MOTION\",\"potentialAction\":[{\"@type\":\"SearchAction\",\"target\":{\"@type\":\"EntryPoint\",\"urlTemplate\":\"https:\/\/jlvholding.com\/?s={search_term_string}\"},\"query-input\":{\"@type\":\"PropertyValueSpecification\",\"valueRequired\":true,\"valueName\":\"search_term_string\"}}],\"inLanguage\":\"es-CO\"}]}<\/script>\n<!-- \/ Yoast SEO plugin. -->","yoast_head_json":{"title":"Abogado\/a Contrataci\u00f3n Estatal y Licitaciones - JLV Holding","robots":{"index":"index","follow":"follow","max-snippet":"max-snippet:-1","max-image-preview":"max-image-preview:large","max-video-preview":"max-video-preview:-1"},"canonical":"https:\/\/jlvholding.com\/co\/abogada-contratacion-estatal-y-licitaciones\/","og_locale":"es_ES","og_type":"article","og_title":"Abogado\/a Contrataci\u00f3n Estatal y Licitaciones - JLV Holding","og_description":"Perfil del Cargo: Buscamos un\/a Abogado\/a especializado\/a en contrataci\u00f3n estatal y privada, responsable del acompa\u00f1amiento jur\u00eddico integral de los acuerdos celebrados con entidades p\u00fablicas y privadas para el desarrollo de los proyectos de la empresa. El perfil ideal contar\u00e1 con s\u00f3lida experiencia en representaci\u00f3n judicial y extrajudicial, gesti\u00f3n de riesgos jur\u00eddicos y aseguramiento del cumplimiento [&hellip;]","og_url":"https:\/\/jlvholding.com\/co\/abogada-contratacion-estatal-y-licitaciones\/","og_site_name":"JLV Holding","article_modified_time":"2026-02-06T14:20:47+00:00","twitter_card":"summary_large_image","twitter_misc":{"Tiempo de lectura":"2 minutos"},"schema":{"@context":"https:\/\/schema.org","@graph":[{"@type":"WebPage","@id":"https:\/\/jlvholding.com\/co\/abogada-contratacion-estatal-y-licitaciones\/","url":"https:\/\/jlvholding.com\/co\/abogada-contratacion-estatal-y-licitaciones\/","name":"Abogado\/a Contrataci\u00f3n Estatal y Licitaciones - JLV Holding","isPartOf":{"@id":"https:\/\/jlvholding.com\/#website"},"datePublished":"2026-02-06T14:12:41+00:00","dateModified":"2026-02-06T14:20:47+00:00","breadcrumb":{"@id":"https:\/\/jlvholding.com\/co\/abogada-contratacion-estatal-y-licitaciones\/#breadcrumb"},"inLanguage":"es-CO","potentialAction":[{"@type":"ReadAction","target":["https:\/\/jlvholding.com\/co\/abogada-contratacion-estatal-y-licitaciones\/"]}]},{"@type":"BreadcrumbList","@id":"https:\/\/jlvholding.com\/co\/abogada-contratacion-estatal-y-licitaciones\/#breadcrumb","itemListElement":[{"@type":"ListItem","position":1,"name":"Inicio","item":"https:\/\/jlvholding.com\/co\/"},{"@type":"ListItem","position":2,"name":"Abogado\/a Contrataci\u00f3n Estatal y Licitaciones"}]},{"@type":"WebSite","@id":"https:\/\/jlvholding.com\/#website","url":"https:\/\/jlvholding.com\/","name":"JLV Holding","description":"EXPERIENCE IN MOTION","potentialAction":[{"@type":"SearchAction","target":{"@type":"EntryPoint","urlTemplate":"https:\/\/jlvholding.com\/?s={search_term_string}"},"query-input":{"@type":"PropertyValueSpecification","valueRequired":true,"valueName":"search_term_string"}}],"inLanguage":"es-CO"}]}},"_links":{"self":[{"href":"https:\/\/jlvholding.com\/co\/wp-json\/wp\/v2\/pages\/3870","targetHints":{"allow":["GET"]}}],"collection":[{"href":"https:\/\/jlvholding.com\/co\/wp-json\/wp\/v2\/pages"}],"about":[{"href":"https:\/\/jlvholding.com\/co\/wp-json\/wp\/v2\/types\/page"}],"author":[{"embeddable":true,"href":"https:\/\/jlvholding.com\/co\/wp-json\/wp\/v2\/users\/10"}],"replies":[{"embeddable":true,"href":"https:\/\/jlvholding.com\/co\/wp-json\/wp\/v2\/comments?post=3870"}],"version-history":[{"count":8,"href":"https:\/\/jlvholding.com\/co\/wp-json\/wp\/v2\/pages\/3870\/revisions"}],"predecessor-version":[{"id":3891,"href":"https:\/\/jlvholding.com\/co\/wp-json\/wp\/v2\/pages\/3870\/revisions\/3891"}],"wp:attachment":[{"href":"https:\/\/jlvholding.com\/co\/wp-json\/wp\/v2\/media?parent=3870"}],"curies":[{"name":"wp","href":"https:\/\/api.w.org\/{rel}","templated":true}]}}