{"id":3970,"date":"2026-03-03T17:38:30","date_gmt":"2026-03-03T17:38:30","guid":{"rendered":"https:\/\/jlvholding.com\/co\/?page_id=3970"},"modified":"2026-03-03T17:42:39","modified_gmt":"2026-03-03T17:42:39","slug":"practicante-en-operaciones-y-optimizacion-de-procesos","status":"publish","type":"page","link":"https:\/\/jlvholding.com\/co\/practicante-en-operaciones-y-optimizacion-de-procesos\/","title":{"rendered":"Practicante en Operaciones y Optimizaci\u00f3n de Procesos"},"content":{"rendered":"\t\t<div data-elementor-type=\"wp-page\" data-elementor-id=\"3970\" class=\"elementor elementor-3970\" data-elementor-post-type=\"page\">\n\t\t\t\t\t\t<section class=\"elementor-section elementor-top-section elementor-element elementor-element-291a0d9 elementor-section-boxed elementor-section-height-default elementor-section-height-default\" data-id=\"291a0d9\" data-element_type=\"section\">\n\t\t\t\t\t\t<div class=\"elementor-container elementor-column-gap-default\">\n\t\t\t\t\t<div class=\"elementor-column elementor-col-50 elementor-top-column elementor-element elementor-element-9b6421f\" data-id=\"9b6421f\" data-element_type=\"column\">\n\t\t\t<div class=\"elementor-widget-wrap elementor-element-populated\">\n\t\t\t\t\t\t<div class=\"elementor-element elementor-element-1cfc835 elementor-widget elementor-widget-text-editor\" data-id=\"1cfc835\" data-element_type=\"widget\" data-widget_type=\"text-editor.default\">\n\t\t\t\t\t\t\t\t\t<h2><strong data-start=\"199\" data-end=\"220\">Perfil del Cargo:<\/strong><\/h2><p>Buscamos un(a) Practicante estructurado(a) y orientado(a) a resultados en Operaciones y Optimizaci\u00f3n de Procesos para apoyar iniciativas de eficiencia interna en nuestras unidades inmobiliarias y de negocio. Este rol es ideal para candidatos interesados en gesti\u00f3n operativa, mejora de procesos y desempe\u00f1o organizacional.<\/p><h4><strong data-start=\"588\" data-end=\"614\">Funciones Principales:<\/strong><\/h4><ul><li>Mapear y documentar procesos internos y flujos de trabajo.<\/li><li>Identificar cuellos de botella operativos y oportunidades de mejora.<\/li><li>Apoyar el seguimiento de KPIs y medici\u00f3n de desempe\u00f1o.<\/li><li>Asistir en an\u00e1lisis de control de costos y eficiencia.<\/li><li>Apoyar la implementaci\u00f3n de automatizaciones y herramientas digitales.<\/li><li>Coordinar la comunicaci\u00f3n transversal y hacer seguimiento con diferentes \u00e1reas.<\/li><\/ul><h4><strong data-start=\"1146\" data-end=\"1161\">Requisitos:<\/strong><\/h4><ul><li data-start=\"1597\" data-end=\"1711\"><p data-start=\"1599\" data-end=\"1711\">Estar cursando o haber finalizado recientemente estudios en Ingenier\u00eda Industrial, Administraci\u00f3n de Empresas, Gesti\u00f3n de Operaciones o \u00e1reas afines.<\/p><\/li><li data-start=\"1597\" data-end=\"1711\"><p data-start=\"1599\" data-end=\"1711\">Fuertes habilidades anal\u00edticas y organizacionales.<\/p><\/li><li data-start=\"1597\" data-end=\"1711\"><p data-start=\"1599\" data-end=\"1711\">Manejo de Excel; se valorar\u00e1 conocimiento en herramientas de mapeo de procesos.<\/p><\/li><li data-start=\"1597\" data-end=\"1711\"><p data-start=\"1599\" data-end=\"1711\">Orientaci\u00f3n al detalle y capacidad para manejar m\u00faltiples prioridades.<\/p><\/li><li data-start=\"1597\" data-end=\"1711\"><p data-start=\"1599\" data-end=\"1711\">Buenas habilidades de comunicaci\u00f3n.<\/p><\/li><\/ul><h4><strong data-start=\"1146\" data-end=\"1161\">Lo Que Ofrecemos:<\/strong><\/h4><ul><li data-start=\"2201\" data-end=\"2256\"><p data-start=\"2203\" data-end=\"2256\">Exposici\u00f3n pr\u00e1ctica a la toma de decisiones operativas reales.<\/p><\/li><li data-start=\"2257\" data-end=\"2310\"><p data-start=\"2259\" data-end=\"2310\">Experiencia en mejora de procesos y seguimiento de desempe\u00f1o.<\/p><\/li><li data-start=\"2311\" data-end=\"2369\"><p data-start=\"2313\" data-end=\"2369\">Participaci\u00f3n directa en iniciativas estructuradas de crecimiento.<\/p><\/li><li data-start=\"2370\" data-end=\"2429\"><p data-start=\"2372\" data-end=\"2429\">Oportunidad de desarrollo a largo plazo dentro de la organizaci\u00f3n.<\/p><\/li><\/ul><h5><strong data-start=\"1459\" data-end=\"1479\">Tipo de trabajo:<\/strong> Presencial.<\/h5><p><strong data-start=\"2019\" data-end=\"2064\">Para postularse, env\u00ede su hoja de vida a:<\/strong><br \/><a class=\"decorated-link cursor-pointer\" href=\"mailto:vacantes@jlvcolombia.com\" rel=\"noopener\" data-start=\"2065\" data-end=\"2089\" data-is-last-node=\"\">vacantes@jlvcolombia.com<\/a><\/p>\t\t\t\t\t\t\t\t<\/div>\n\t\t\t\t\t<\/div>\n\t\t<\/div>\n\t\t\t\t<div class=\"elementor-column elementor-col-50 elementor-top-column elementor-element elementor-element-a7b59e4\" data-id=\"a7b59e4\" data-element_type=\"column\">\n\t\t\t<div class=\"elementor-widget-wrap elementor-element-populated\">\n\t\t\t\t\t\t<div class=\"elementor-element elementor-element-93961e5 elementor-widget elementor-widget-heading\" data-id=\"93961e5\" data-element_type=\"widget\" data-widget_type=\"heading.default\">\n\t\t\t\t\t<h5 class=\"elementor-heading-title elementor-size-default\">Ejecutivo<\/h5>\t\t\t\t<\/div>\n\t\t\t\t<div class=\"elementor-element elementor-element-ac9a313 elementor-widget elementor-widget-heading\" data-id=\"ac9a313\" data-element_type=\"widget\" data-widget_type=\"heading.default\">\n\t\t\t\t\t<h3 class=\"elementor-heading-title elementor-size-default\">Practicante en Operaciones y Optimizaci\u00f3n de Procesos<\/h3>\t\t\t\t<\/div>\n\t\t\t\t<div class=\"elementor-element elementor-element-1e8b304 elementor-widget elementor-widget-text-editor\" data-id=\"1e8b304\" data-element_type=\"widget\" data-widget_type=\"text-editor.default\">\n\t\t\t\t\t\t\t\t\t<p>Sabaneta, Antioquia<\/p>\t\t\t\t\t\t\t\t<\/div>\n\t\t\t\t<div class=\"elementor-element elementor-element-eb4d8ab elementor-align-justify elementor-widget elementor-widget-button\" data-id=\"eb4d8ab\" data-element_type=\"widget\" data-widget_type=\"button.default\">\n\t\t\t\t\t\t\t\t\t\t<a class=\"elementor-button elementor-button-link elementor-size-sm\" href=\"mailto:vacantes@jlvcolombia.com\">\n\t\t\t\t\t\t<span class=\"elementor-button-content-wrapper\">\n\t\t\t\t\t\t\t\t\t<span class=\"elementor-button-text\">Aplicar ahora<\/span>\n\t\t\t\t\t<\/span>\n\t\t\t\t\t<\/a>\n\t\t\t\t\t\t\t\t<\/div>\n\t\t\t\t<div class=\"elementor-element elementor-element-6aeee93 elementor-widget elementor-widget-spacer\" data-id=\"6aeee93\" data-element_type=\"widget\" data-widget_type=\"spacer.default\">\n\t\t\t\t\t\t\t<div class=\"elementor-spacer\">\n\t\t\t<div class=\"elementor-spacer-inner\"><\/div>\n\t\t<\/div>\n\t\t\t\t\t\t<\/div>\n\t\t\t\t<div class=\"elementor-element elementor-element-a515544 elementor-widget elementor-widget-heading\" data-id=\"a515544\" data-element_type=\"widget\" data-widget_type=\"heading.default\">\n\t\t\t\t\t<h4 class=\"elementor-heading-title elementor-size-default\">Horario<\/h4>\t\t\t\t<\/div>\n\t\t\t\t<div class=\"elementor-element elementor-element-a44d86d elementor-widget elementor-widget-text-editor\" data-id=\"a44d86d\" data-element_type=\"widget\" data-widget_type=\"text-editor.default\">\n\t\t\t\t\t\t\t\t\t<p>Lunes a Viernes de 8 am a 5 pm<\/p>\t\t\t\t\t\t\t\t<\/div>\n\t\t\t\t<div class=\"elementor-element elementor-element-b3ffcf6 elementor-widget elementor-widget-heading\" data-id=\"b3ffcf6\" data-element_type=\"widget\" data-widget_type=\"heading.default\">\n\t\t\t\t\t<h4 class=\"elementor-heading-title elementor-size-default\">Tipo de contrato<\/h4>\t\t\t\t<\/div>\n\t\t\t\t<div class=\"elementor-element elementor-element-b8f4eb5 elementor-widget elementor-widget-text-editor\" data-id=\"b8f4eb5\" data-element_type=\"widget\" data-widget_type=\"text-editor.default\">\n\t\t\t\t\t\t\t\t\t<p>Se informa al momento de la entrevista<\/p>\t\t\t\t\t\t\t\t<\/div>\n\t\t\t\t<div class=\"elementor-element elementor-element-48a56c8 elementor-widget elementor-widget-heading\" data-id=\"48a56c8\" data-element_type=\"widget\" data-widget_type=\"heading.default\">\n\t\t\t\t\t<h4 class=\"elementor-heading-title elementor-size-default\">Extras<\/h4>\t\t\t\t<\/div>\n\t\t\t\t<div class=\"elementor-element elementor-element-ae6a4eb elementor-widget elementor-widget-text-editor\" data-id=\"ae6a4eb\" data-element_type=\"widget\" data-widget_type=\"text-editor.default\">\n\t\t\t\t\t\t\t\t\t<ul><li>Accesos a cursos en Platzi.<\/li><li>Descuentos de empleados en el Centro Comercial Mayorca.<\/li><li>Posibilidad de s\u00e1bados libres.<\/li><li>Posibilidades de crecimiento laboral.<\/li><li>Excelente ambiente laboral.<\/li><li>Participaci\u00f3n en eventos especiales.<\/li><\/ul>\t\t\t\t\t\t\t\t<\/div>\n\t\t\t\t\t<\/div>\n\t\t<\/div>\n\t\t\t\t\t<\/div>\n\t\t<\/section>\n\t\t\t\t<\/div>\n\t\t","protected":false},"excerpt":{"rendered":"<p>Perfil del Cargo: Buscamos un(a) Practicante estructurado(a) y orientado(a) a resultados en Operaciones y Optimizaci\u00f3n de Procesos para apoyar iniciativas de eficiencia interna en nuestras unidades inmobiliarias y de negocio. Este rol es ideal para candidatos interesados en gesti\u00f3n operativa, mejora de procesos y desempe\u00f1o organizacional. Funciones Principales: Mapear y documentar procesos internos y flujos [&hellip;]<\/p>\n","protected":false},"author":10,"featured_media":0,"parent":0,"menu_order":0,"comment_status":"closed","ping_status":"closed","template":"","meta":{"_acf_changed":false,"_glsr_average":0,"_glsr_ranking":0,"_glsr_reviews":0,"footnotes":""},"class_list":["post-3970","page","type-page","status-publish","hentry"],"acf":[],"yoast_head":"<!-- This site is optimized with the Yoast SEO plugin v23.4 - https:\/\/yoast.com\/wordpress\/plugins\/seo\/ -->\n<title>Practicante en Operaciones y Optimizaci\u00f3n de Procesos - JLV Holding<\/title>\n<meta name=\"description\" content=\"Buscamos un(a) Practicante estructurado(a) y orientado(a) a resultados en Operaciones y Optimizaci\u00f3n de Procesos para apoyar iniciativas de eficiencia interna en nuestras unidades inmobiliarias y de negocio. Este rol es ideal para candidatos interesados en gesti\u00f3n operativa, mejora de procesos y desempe\u00f1o organizacional.\" \/>\n<meta name=\"robots\" content=\"index, follow, max-snippet:-1, max-image-preview:large, max-video-preview:-1\" \/>\n<link rel=\"canonical\" href=\"https:\/\/jlvholding.com\/co\/practicante-en-operaciones-y-optimizacion-de-procesos\/\" \/>\n<meta property=\"og:locale\" content=\"es_ES\" \/>\n<meta property=\"og:type\" content=\"article\" \/>\n<meta property=\"og:title\" content=\"Practicante en Operaciones y Optimizaci\u00f3n de Procesos - JLV Holding\" \/>\n<meta property=\"og:description\" content=\"Buscamos un(a) Practicante estructurado(a) y orientado(a) a resultados en Operaciones y Optimizaci\u00f3n de Procesos para apoyar iniciativas de eficiencia interna en nuestras unidades inmobiliarias y de negocio. Este rol es ideal para candidatos interesados en gesti\u00f3n operativa, mejora de procesos y desempe\u00f1o organizacional.\" \/>\n<meta property=\"og:url\" content=\"https:\/\/jlvholding.com\/co\/practicante-en-operaciones-y-optimizacion-de-procesos\/\" \/>\n<meta property=\"og:site_name\" content=\"JLV Holding\" \/>\n<meta property=\"article:modified_time\" content=\"2026-03-03T17:42:39+00:00\" \/>\n<meta name=\"twitter:card\" content=\"summary_large_image\" \/>\n<script type=\"application\/ld+json\" class=\"yoast-schema-graph\">{\"@context\":\"https:\/\/schema.org\",\"@graph\":[{\"@type\":\"WebPage\",\"@id\":\"https:\/\/jlvholding.com\/co\/practicante-en-operaciones-y-optimizacion-de-procesos\/\",\"url\":\"https:\/\/jlvholding.com\/co\/practicante-en-operaciones-y-optimizacion-de-procesos\/\",\"name\":\"Practicante en Operaciones y Optimizaci\u00f3n de Procesos - JLV Holding\",\"isPartOf\":{\"@id\":\"https:\/\/jlvholding.com\/#website\"},\"datePublished\":\"2026-03-03T17:38:30+00:00\",\"dateModified\":\"2026-03-03T17:42:39+00:00\",\"description\":\"Buscamos un(a) Practicante estructurado(a) y orientado(a) a resultados en Operaciones y Optimizaci\u00f3n de Procesos para apoyar iniciativas de eficiencia interna en nuestras unidades inmobiliarias y de negocio. Este rol es ideal para candidatos interesados en gesti\u00f3n operativa, mejora de procesos y desempe\u00f1o organizacional.\",\"breadcrumb\":{\"@id\":\"https:\/\/jlvholding.com\/co\/practicante-en-operaciones-y-optimizacion-de-procesos\/#breadcrumb\"},\"inLanguage\":\"es-CO\",\"potentialAction\":[{\"@type\":\"ReadAction\",\"target\":[\"https:\/\/jlvholding.com\/co\/practicante-en-operaciones-y-optimizacion-de-procesos\/\"]}]},{\"@type\":\"BreadcrumbList\",\"@id\":\"https:\/\/jlvholding.com\/co\/practicante-en-operaciones-y-optimizacion-de-procesos\/#breadcrumb\",\"itemListElement\":[{\"@type\":\"ListItem\",\"position\":1,\"name\":\"Inicio\",\"item\":\"https:\/\/jlvholding.com\/co\/\"},{\"@type\":\"ListItem\",\"position\":2,\"name\":\"Practicante en Operaciones y Optimizaci\u00f3n de Procesos\"}]},{\"@type\":\"WebSite\",\"@id\":\"https:\/\/jlvholding.com\/#website\",\"url\":\"https:\/\/jlvholding.com\/\",\"name\":\"JLV Holding\",\"description\":\"EXPERIENCE IN MOTION\",\"potentialAction\":[{\"@type\":\"SearchAction\",\"target\":{\"@type\":\"EntryPoint\",\"urlTemplate\":\"https:\/\/jlvholding.com\/?s={search_term_string}\"},\"query-input\":{\"@type\":\"PropertyValueSpecification\",\"valueRequired\":true,\"valueName\":\"search_term_string\"}}],\"inLanguage\":\"es-CO\"}]}<\/script>\n<!-- \/ Yoast SEO plugin. -->","yoast_head_json":{"title":"Practicante en Operaciones y Optimizaci\u00f3n de Procesos - JLV Holding","description":"Buscamos un(a) Practicante estructurado(a) y orientado(a) a resultados en Operaciones y Optimizaci\u00f3n de Procesos para apoyar iniciativas de eficiencia interna en nuestras unidades inmobiliarias y de negocio. Este rol es ideal para candidatos interesados en gesti\u00f3n operativa, mejora de procesos y desempe\u00f1o organizacional.","robots":{"index":"index","follow":"follow","max-snippet":"max-snippet:-1","max-image-preview":"max-image-preview:large","max-video-preview":"max-video-preview:-1"},"canonical":"https:\/\/jlvholding.com\/co\/practicante-en-operaciones-y-optimizacion-de-procesos\/","og_locale":"es_ES","og_type":"article","og_title":"Practicante en Operaciones y Optimizaci\u00f3n de Procesos - JLV Holding","og_description":"Buscamos un(a) Practicante estructurado(a) y orientado(a) a resultados en Operaciones y Optimizaci\u00f3n de Procesos para apoyar iniciativas de eficiencia interna en nuestras unidades inmobiliarias y de negocio. Este rol es ideal para candidatos interesados en gesti\u00f3n operativa, mejora de procesos y desempe\u00f1o organizacional.","og_url":"https:\/\/jlvholding.com\/co\/practicante-en-operaciones-y-optimizacion-de-procesos\/","og_site_name":"JLV Holding","article_modified_time":"2026-03-03T17:42:39+00:00","twitter_card":"summary_large_image","schema":{"@context":"https:\/\/schema.org","@graph":[{"@type":"WebPage","@id":"https:\/\/jlvholding.com\/co\/practicante-en-operaciones-y-optimizacion-de-procesos\/","url":"https:\/\/jlvholding.com\/co\/practicante-en-operaciones-y-optimizacion-de-procesos\/","name":"Practicante en Operaciones y Optimizaci\u00f3n de Procesos - JLV Holding","isPartOf":{"@id":"https:\/\/jlvholding.com\/#website"},"datePublished":"2026-03-03T17:38:30+00:00","dateModified":"2026-03-03T17:42:39+00:00","description":"Buscamos un(a) Practicante estructurado(a) y orientado(a) a resultados en Operaciones y Optimizaci\u00f3n de Procesos para apoyar iniciativas de eficiencia interna en nuestras unidades inmobiliarias y de negocio. Este rol es ideal para candidatos interesados en gesti\u00f3n operativa, mejora de procesos y desempe\u00f1o organizacional.","breadcrumb":{"@id":"https:\/\/jlvholding.com\/co\/practicante-en-operaciones-y-optimizacion-de-procesos\/#breadcrumb"},"inLanguage":"es-CO","potentialAction":[{"@type":"ReadAction","target":["https:\/\/jlvholding.com\/co\/practicante-en-operaciones-y-optimizacion-de-procesos\/"]}]},{"@type":"BreadcrumbList","@id":"https:\/\/jlvholding.com\/co\/practicante-en-operaciones-y-optimizacion-de-procesos\/#breadcrumb","itemListElement":[{"@type":"ListItem","position":1,"name":"Inicio","item":"https:\/\/jlvholding.com\/co\/"},{"@type":"ListItem","position":2,"name":"Practicante en Operaciones y Optimizaci\u00f3n de Procesos"}]},{"@type":"WebSite","@id":"https:\/\/jlvholding.com\/#website","url":"https:\/\/jlvholding.com\/","name":"JLV Holding","description":"EXPERIENCE IN MOTION","potentialAction":[{"@type":"SearchAction","target":{"@type":"EntryPoint","urlTemplate":"https:\/\/jlvholding.com\/?s={search_term_string}"},"query-input":{"@type":"PropertyValueSpecification","valueRequired":true,"valueName":"search_term_string"}}],"inLanguage":"es-CO"}]}},"_links":{"self":[{"href":"https:\/\/jlvholding.com\/co\/wp-json\/wp\/v2\/pages\/3970","targetHints":{"allow":["GET"]}}],"collection":[{"href":"https:\/\/jlvholding.com\/co\/wp-json\/wp\/v2\/pages"}],"about":[{"href":"https:\/\/jlvholding.com\/co\/wp-json\/wp\/v2\/types\/page"}],"author":[{"embeddable":true,"href":"https:\/\/jlvholding.com\/co\/wp-json\/wp\/v2\/users\/10"}],"replies":[{"embeddable":true,"href":"https:\/\/jlvholding.com\/co\/wp-json\/wp\/v2\/comments?post=3970"}],"version-history":[{"count":4,"href":"https:\/\/jlvholding.com\/co\/wp-json\/wp\/v2\/pages\/3970\/revisions"}],"predecessor-version":[{"id":3974,"href":"https:\/\/jlvholding.com\/co\/wp-json\/wp\/v2\/pages\/3970\/revisions\/3974"}],"wp:attachment":[{"href":"https:\/\/jlvholding.com\/co\/wp-json\/wp\/v2\/media?parent=3970"}],"curies":[{"name":"wp","href":"https:\/\/api.w.org\/{rel}","templated":true}]}}