{"id":4015,"date":"2026-03-27T18:56:11","date_gmt":"2026-03-27T18:56:11","guid":{"rendered":"https:\/\/jlvholding.com\/co\/?page_id=4015"},"modified":"2026-03-27T19:58:23","modified_gmt":"2026-03-27T19:58:23","slug":"residente-de-obra-proyectos-vis-y-vip","status":"publish","type":"page","link":"https:\/\/jlvholding.com\/co\/residente-de-obra-proyectos-vis-y-vip\/","title":{"rendered":"Residente de Obra \u2013 Proyectos VIS y VIP"},"content":{"rendered":"\t\t<div data-elementor-type=\"wp-page\" data-elementor-id=\"4015\" class=\"elementor elementor-4015\" data-elementor-post-type=\"page\">\n\t\t\t\t\t\t<section class=\"elementor-section elementor-top-section elementor-element elementor-element-291a0d9 elementor-section-boxed elementor-section-height-default elementor-section-height-default\" data-id=\"291a0d9\" data-element_type=\"section\">\n\t\t\t\t\t\t<div class=\"elementor-container elementor-column-gap-default\">\n\t\t\t\t\t<div class=\"elementor-column elementor-col-50 elementor-top-column elementor-element elementor-element-9b6421f\" data-id=\"9b6421f\" data-element_type=\"column\">\n\t\t\t<div class=\"elementor-widget-wrap elementor-element-populated\">\n\t\t\t\t\t\t<div class=\"elementor-element elementor-element-1cfc835 elementor-widget elementor-widget-text-editor\" data-id=\"1cfc835\" data-element_type=\"widget\" data-widget_type=\"text-editor.default\">\n\t\t\t\t\t\t\t\t\t<h2><strong data-start=\"199\" data-end=\"220\">Perfil del Cargo:<\/strong><\/h2><p data-start=\"186\" data-end=\"503\">Buscamos un\/a Residente de Obra con experiencia en la ejecuci\u00f3n de proyectos de vivienda VIS y VIP, responsable de coordinar, supervisar y garantizar el cumplimiento del cronograma de obra. El perfil ideal cuenta con liderazgo, organizaci\u00f3n y capacidad de control t\u00e9cnico, asegurando la calidad, tiempos y correcta ejecuci\u00f3n de las actividades en campo.<\/p><h4><strong data-start=\"588\" data-end=\"614\">Funciones Principales:<\/strong><\/h4><ul><li data-section-id=\"oyn5up\" data-start=\"599\" data-end=\"691\">Coordinar y supervisar la ejecuci\u00f3n de obras civiles en proyectos de vivienda VIS y VIP.<\/li><li data-section-id=\"tfnlf6\" data-start=\"692\" data-end=\"789\">Garantizar el cumplimiento del cronograma de obra y la correcta planificaci\u00f3n de actividades.<\/li><li data-section-id=\"128yq4g\" data-start=\"790\" data-end=\"892\">Controlar la calidad de los procesos constructivos y el cumplimiento de especificaciones t\u00e9cnicas.<\/li><li data-section-id=\"1fzhu0l\" data-start=\"893\" data-end=\"991\">Supervisar contratistas y personal de obra, asegurando el cumplimiento de normas de seguridad.<\/li><li data-section-id=\"yp6neg\" data-start=\"992\" data-end=\"1070\">Gestionar recursos y materiales necesarios para la ejecuci\u00f3n del proyecto.<\/li><li data-section-id=\"vk0lk8\" data-start=\"1071\" data-end=\"1135\">Realizar seguimiento al avance de obra y reportar novedades.<\/li><li data-section-id=\"1f50dzc\" data-start=\"1136\" data-end=\"1210\">Velar por el cumplimiento de normativas t\u00e9cnicas y de seguridad en obra.<\/li><\/ul><h4><strong data-start=\"1146\" data-end=\"1161\">Requisitos:<\/strong><\/h4><ul><li style=\"list-style-type: none;\">\u00a0<\/li><li>Profesional en Ingenier\u00eda Civil con tarjeta profesional vigente.<\/li><li>Experiencia m\u00ednima de tres (3) a\u00f1os, contados a partir de la expedici\u00f3n de la matr\u00edcula profesional.<\/li><li>Experiencia espec\u00edfica en contratos de construcci\u00f3n de obras civiles.<\/li><li>Curso de alturas vigente.<\/li><li>Disponibilidad para viajar.<\/li><\/ul><h5><strong data-start=\"1459\" data-end=\"1479\">Tipo de trabajo:<\/strong> Presencial.<br \/><strong data-start=\"1574\" data-end=\"1588\">Ubicaci\u00f3n:<\/strong> Municipios de Antioquia.<\/h5><p><strong data-start=\"2019\" data-end=\"2064\">Para postularse, env\u00ede su hoja de vida a:<\/strong><br \/><a href=\"mailto:vacantes@jlvcolombia.com\" rel=\"noopener\" data-start=\"2065\" data-end=\"2089\" data-is-last-node=\"\">vacantes@jlvcolombia.com<\/a><\/p>\t\t\t\t\t\t\t\t<\/div>\n\t\t\t\t\t<\/div>\n\t\t<\/div>\n\t\t\t\t<div class=\"elementor-column elementor-col-50 elementor-top-column elementor-element elementor-element-a7b59e4\" data-id=\"a7b59e4\" data-element_type=\"column\">\n\t\t\t<div class=\"elementor-widget-wrap elementor-element-populated\">\n\t\t\t\t\t\t<div class=\"elementor-element elementor-element-93961e5 elementor-widget elementor-widget-heading\" data-id=\"93961e5\" data-element_type=\"widget\" data-widget_type=\"heading.default\">\n\t\t\t\t\t<h5 class=\"elementor-heading-title elementor-size-default\">Ejecutivo<\/h5>\t\t\t\t<\/div>\n\t\t\t\t<div class=\"elementor-element elementor-element-ac9a313 elementor-widget elementor-widget-heading\" data-id=\"ac9a313\" data-element_type=\"widget\" data-widget_type=\"heading.default\">\n\t\t\t\t\t<h3 class=\"elementor-heading-title elementor-size-default\">Residente de Obra \u2013 Proyectos VIS y VIP\n<\/h3>\t\t\t\t<\/div>\n\t\t\t\t<div class=\"elementor-element elementor-element-1e8b304 elementor-widget elementor-widget-text-editor\" data-id=\"1e8b304\" data-element_type=\"widget\" data-widget_type=\"text-editor.default\">\n\t\t\t\t\t\t\t\t\t<p>Sabaneta, Antioquia<\/p>\t\t\t\t\t\t\t\t<\/div>\n\t\t\t\t<div class=\"elementor-element elementor-element-eb4d8ab elementor-align-justify elementor-widget elementor-widget-button\" data-id=\"eb4d8ab\" data-element_type=\"widget\" data-widget_type=\"button.default\">\n\t\t\t\t\t\t\t\t\t\t<a class=\"elementor-button elementor-button-link elementor-size-sm\" href=\"https:\/\/jlvholding.com\/co\/aplicar-residente-de-obra-proyectos-vis-y-vip\">\n\t\t\t\t\t\t<span class=\"elementor-button-content-wrapper\">\n\t\t\t\t\t\t\t\t\t<span class=\"elementor-button-text\">Aplicar ahora<\/span>\n\t\t\t\t\t<\/span>\n\t\t\t\t\t<\/a>\n\t\t\t\t\t\t\t\t<\/div>\n\t\t\t\t<div class=\"elementor-element elementor-element-6aeee93 elementor-widget elementor-widget-spacer\" data-id=\"6aeee93\" data-element_type=\"widget\" data-widget_type=\"spacer.default\">\n\t\t\t\t\t\t\t<div class=\"elementor-spacer\">\n\t\t\t<div class=\"elementor-spacer-inner\"><\/div>\n\t\t<\/div>\n\t\t\t\t\t\t<\/div>\n\t\t\t\t<div class=\"elementor-element elementor-element-a515544 elementor-widget elementor-widget-heading\" data-id=\"a515544\" data-element_type=\"widget\" data-widget_type=\"heading.default\">\n\t\t\t\t\t<h4 class=\"elementor-heading-title elementor-size-default\">Horario<\/h4>\t\t\t\t<\/div>\n\t\t\t\t<div class=\"elementor-element elementor-element-a44d86d elementor-widget elementor-widget-text-editor\" data-id=\"a44d86d\" data-element_type=\"widget\" data-widget_type=\"text-editor.default\">\n\t\t\t\t\t\t\t\t\t<p>Lunes a Viernes de 8 am a 5 pm<\/p>\t\t\t\t\t\t\t\t<\/div>\n\t\t\t\t<div class=\"elementor-element elementor-element-b3ffcf6 elementor-widget elementor-widget-heading\" data-id=\"b3ffcf6\" data-element_type=\"widget\" data-widget_type=\"heading.default\">\n\t\t\t\t\t<h4 class=\"elementor-heading-title elementor-size-default\">Tipo de contrato<\/h4>\t\t\t\t<\/div>\n\t\t\t\t<div class=\"elementor-element elementor-element-b8f4eb5 elementor-widget elementor-widget-text-editor\" data-id=\"b8f4eb5\" data-element_type=\"widget\" data-widget_type=\"text-editor.default\">\n\t\t\t\t\t\t\t\t\t<p>Se informa al momento de la entrevista<\/p>\t\t\t\t\t\t\t\t<\/div>\n\t\t\t\t<div class=\"elementor-element elementor-element-48a56c8 elementor-widget elementor-widget-heading\" data-id=\"48a56c8\" data-element_type=\"widget\" data-widget_type=\"heading.default\">\n\t\t\t\t\t<h4 class=\"elementor-heading-title elementor-size-default\">Extras<\/h4>\t\t\t\t<\/div>\n\t\t\t\t<div class=\"elementor-element elementor-element-ae6a4eb elementor-widget elementor-widget-text-editor\" data-id=\"ae6a4eb\" data-element_type=\"widget\" data-widget_type=\"text-editor.default\">\n\t\t\t\t\t\t\t\t\t<ul><li>Accesos a cursos en Platzi.<\/li><li>Descuentos de empleados en el Centro Comercial Mayorca.<\/li><li>Posibilidades de crecimiento laboral.<\/li><li>Excelente ambiente laboral.<\/li><li>Participaci\u00f3n en eventos especiales.<\/li><\/ul>\t\t\t\t\t\t\t\t<\/div>\n\t\t\t\t\t<\/div>\n\t\t<\/div>\n\t\t\t\t\t<\/div>\n\t\t<\/section>\n\t\t\t\t<\/div>\n\t\t","protected":false},"excerpt":{"rendered":"<p>Perfil del Cargo: Buscamos un\/a Residente de Obra con experiencia en la ejecuci\u00f3n de proyectos de vivienda VIS y VIP, responsable de coordinar, supervisar y garantizar el cumplimiento del cronograma de obra. El perfil ideal cuenta con liderazgo, organizaci\u00f3n y capacidad de control t\u00e9cnico, asegurando la calidad, tiempos y correcta ejecuci\u00f3n de las actividades en [&hellip;]<\/p>\n","protected":false},"author":10,"featured_media":0,"parent":0,"menu_order":0,"comment_status":"closed","ping_status":"closed","template":"","meta":{"_acf_changed":false,"_glsr_average":0,"_glsr_ranking":0,"_glsr_reviews":0,"footnotes":""},"class_list":["post-4015","page","type-page","status-publish","hentry"],"acf":[],"yoast_head":"<!-- This site is optimized with the Yoast SEO plugin v23.4 - https:\/\/yoast.com\/wordpress\/plugins\/seo\/ -->\n<title>Residente de Obra \u2013 Proyectos VIS y VIP - JLV Holding<\/title>\n<meta name=\"description\" content=\"Supervisi\u00f3n y coordinaci\u00f3n de obras civiles, control de cronograma, gesti\u00f3n de contratistas y recursos, asegurando calidad, seguridad y cumplimiento en proyectos de vivienda VIS y VIP.\" \/>\n<meta name=\"robots\" content=\"index, follow, max-snippet:-1, max-image-preview:large, max-video-preview:-1\" \/>\n<link rel=\"canonical\" href=\"https:\/\/jlvholding.com\/co\/residente-de-obra-proyectos-vis-y-vip\/\" \/>\n<meta property=\"og:locale\" content=\"es_ES\" \/>\n<meta property=\"og:type\" content=\"article\" \/>\n<meta property=\"og:title\" content=\"Residente de Obra \u2013 Proyectos VIS y VIP - JLV Holding\" \/>\n<meta property=\"og:description\" content=\"Supervisi\u00f3n y coordinaci\u00f3n de obras civiles, control de cronograma, gesti\u00f3n de contratistas y recursos, asegurando calidad, seguridad y cumplimiento en proyectos de vivienda VIS y VIP.\" \/>\n<meta property=\"og:url\" content=\"https:\/\/jlvholding.com\/co\/residente-de-obra-proyectos-vis-y-vip\/\" \/>\n<meta property=\"og:site_name\" content=\"JLV Holding\" \/>\n<meta property=\"article:modified_time\" content=\"2026-03-27T19:58:23+00:00\" \/>\n<meta name=\"twitter:card\" content=\"summary_large_image\" \/>\n<script type=\"application\/ld+json\" class=\"yoast-schema-graph\">{\"@context\":\"https:\/\/schema.org\",\"@graph\":[{\"@type\":\"WebPage\",\"@id\":\"https:\/\/jlvholding.com\/co\/residente-de-obra-proyectos-vis-y-vip\/\",\"url\":\"https:\/\/jlvholding.com\/co\/residente-de-obra-proyectos-vis-y-vip\/\",\"name\":\"Residente de Obra \u2013 Proyectos VIS y VIP - JLV Holding\",\"isPartOf\":{\"@id\":\"https:\/\/jlvholding.com\/#website\"},\"datePublished\":\"2026-03-27T18:56:11+00:00\",\"dateModified\":\"2026-03-27T19:58:23+00:00\",\"description\":\"Supervisi\u00f3n y coordinaci\u00f3n de obras civiles, control de cronograma, gesti\u00f3n de contratistas y recursos, asegurando calidad, seguridad y cumplimiento en proyectos de vivienda VIS y VIP.\",\"breadcrumb\":{\"@id\":\"https:\/\/jlvholding.com\/co\/residente-de-obra-proyectos-vis-y-vip\/#breadcrumb\"},\"inLanguage\":\"es-CO\",\"potentialAction\":[{\"@type\":\"ReadAction\",\"target\":[\"https:\/\/jlvholding.com\/co\/residente-de-obra-proyectos-vis-y-vip\/\"]}]},{\"@type\":\"BreadcrumbList\",\"@id\":\"https:\/\/jlvholding.com\/co\/residente-de-obra-proyectos-vis-y-vip\/#breadcrumb\",\"itemListElement\":[{\"@type\":\"ListItem\",\"position\":1,\"name\":\"Inicio\",\"item\":\"https:\/\/jlvholding.com\/co\/\"},{\"@type\":\"ListItem\",\"position\":2,\"name\":\"Residente de Obra \u2013 Proyectos VIS y VIP\"}]},{\"@type\":\"WebSite\",\"@id\":\"https:\/\/jlvholding.com\/#website\",\"url\":\"https:\/\/jlvholding.com\/\",\"name\":\"JLV Holding\",\"description\":\"EXPERIENCE IN MOTION\",\"potentialAction\":[{\"@type\":\"SearchAction\",\"target\":{\"@type\":\"EntryPoint\",\"urlTemplate\":\"https:\/\/jlvholding.com\/?s={search_term_string}\"},\"query-input\":{\"@type\":\"PropertyValueSpecification\",\"valueRequired\":true,\"valueName\":\"search_term_string\"}}],\"inLanguage\":\"es-CO\"}]}<\/script>\n<!-- \/ Yoast SEO plugin. -->","yoast_head_json":{"title":"Residente de Obra \u2013 Proyectos VIS y VIP - JLV Holding","description":"Supervisi\u00f3n y coordinaci\u00f3n de obras civiles, control de cronograma, gesti\u00f3n de contratistas y recursos, asegurando calidad, seguridad y cumplimiento en proyectos de vivienda VIS y VIP.","robots":{"index":"index","follow":"follow","max-snippet":"max-snippet:-1","max-image-preview":"max-image-preview:large","max-video-preview":"max-video-preview:-1"},"canonical":"https:\/\/jlvholding.com\/co\/residente-de-obra-proyectos-vis-y-vip\/","og_locale":"es_ES","og_type":"article","og_title":"Residente de Obra \u2013 Proyectos VIS y VIP - JLV Holding","og_description":"Supervisi\u00f3n y coordinaci\u00f3n de obras civiles, control de cronograma, gesti\u00f3n de contratistas y recursos, asegurando calidad, seguridad y cumplimiento en proyectos de vivienda VIS y VIP.","og_url":"https:\/\/jlvholding.com\/co\/residente-de-obra-proyectos-vis-y-vip\/","og_site_name":"JLV Holding","article_modified_time":"2026-03-27T19:58:23+00:00","twitter_card":"summary_large_image","schema":{"@context":"https:\/\/schema.org","@graph":[{"@type":"WebPage","@id":"https:\/\/jlvholding.com\/co\/residente-de-obra-proyectos-vis-y-vip\/","url":"https:\/\/jlvholding.com\/co\/residente-de-obra-proyectos-vis-y-vip\/","name":"Residente de Obra \u2013 Proyectos VIS y VIP - JLV Holding","isPartOf":{"@id":"https:\/\/jlvholding.com\/#website"},"datePublished":"2026-03-27T18:56:11+00:00","dateModified":"2026-03-27T19:58:23+00:00","description":"Supervisi\u00f3n y coordinaci\u00f3n de obras civiles, control de cronograma, gesti\u00f3n de contratistas y recursos, asegurando calidad, seguridad y cumplimiento en proyectos de vivienda VIS y VIP.","breadcrumb":{"@id":"https:\/\/jlvholding.com\/co\/residente-de-obra-proyectos-vis-y-vip\/#breadcrumb"},"inLanguage":"es-CO","potentialAction":[{"@type":"ReadAction","target":["https:\/\/jlvholding.com\/co\/residente-de-obra-proyectos-vis-y-vip\/"]}]},{"@type":"BreadcrumbList","@id":"https:\/\/jlvholding.com\/co\/residente-de-obra-proyectos-vis-y-vip\/#breadcrumb","itemListElement":[{"@type":"ListItem","position":1,"name":"Inicio","item":"https:\/\/jlvholding.com\/co\/"},{"@type":"ListItem","position":2,"name":"Residente de Obra \u2013 Proyectos VIS y VIP"}]},{"@type":"WebSite","@id":"https:\/\/jlvholding.com\/#website","url":"https:\/\/jlvholding.com\/","name":"JLV Holding","description":"EXPERIENCE IN MOTION","potentialAction":[{"@type":"SearchAction","target":{"@type":"EntryPoint","urlTemplate":"https:\/\/jlvholding.com\/?s={search_term_string}"},"query-input":{"@type":"PropertyValueSpecification","valueRequired":true,"valueName":"search_term_string"}}],"inLanguage":"es-CO"}]}},"_links":{"self":[{"href":"https:\/\/jlvholding.com\/co\/wp-json\/wp\/v2\/pages\/4015","targetHints":{"allow":["GET"]}}],"collection":[{"href":"https:\/\/jlvholding.com\/co\/wp-json\/wp\/v2\/pages"}],"about":[{"href":"https:\/\/jlvholding.com\/co\/wp-json\/wp\/v2\/types\/page"}],"author":[{"embeddable":true,"href":"https:\/\/jlvholding.com\/co\/wp-json\/wp\/v2\/users\/10"}],"replies":[{"embeddable":true,"href":"https:\/\/jlvholding.com\/co\/wp-json\/wp\/v2\/comments?post=4015"}],"version-history":[{"count":10,"href":"https:\/\/jlvholding.com\/co\/wp-json\/wp\/v2\/pages\/4015\/revisions"}],"predecessor-version":[{"id":4035,"href":"https:\/\/jlvholding.com\/co\/wp-json\/wp\/v2\/pages\/4015\/revisions\/4035"}],"wp:attachment":[{"href":"https:\/\/jlvholding.com\/co\/wp-json\/wp\/v2\/media?parent=4015"}],"curies":[{"name":"wp","href":"https:\/\/api.w.org\/{rel}","templated":true}]}}